{"id":9272,"date":"2021-10-05T13:05:24","date_gmt":"2021-10-05T13:05:24","guid":{"rendered":"https:\/\/www.aerosol.cz\/novinky\/"},"modified":"2023-05-13T17:05:09","modified_gmt":"2023-05-13T17:05:09","slug":"actualities","status":"publish","type":"page","link":"https:\/\/www.aerosol.cz\/en\/actualities\/","title":{"rendered":"Actualities"},"content":{"rendered":"\t\t<div data-elementor-type=\"wp-page\" data-elementor-id=\"9272\" class=\"elementor elementor-9272 elementor-18\" data-elementor-post-type=\"page\">\n\t\t\t\t\t\t<section class=\"elementor-section elementor-top-section elementor-element elementor-element-e76bb7e elementor-section-boxed elementor-section-height-default elementor-section-height-default\" data-id=\"e76bb7e\" data-element_type=\"section\">\n\t\t\t\t\t\t<div class=\"elementor-container elementor-column-gap-default\">\n\t\t\t\t\t<div class=\"elementor-column elementor-col-100 elementor-top-column elementor-element elementor-element-d33e8d1\" data-id=\"d33e8d1\" data-element_type=\"column\">\n\t\t\t<div class=\"elementor-widget-wrap elementor-element-populated\">\n\t\t\t\t\t\t<div class=\"elementor-element elementor-element-772e1c8 elementor-widget elementor-widget-creote-blog-post-v1\" data-id=\"772e1c8\" data-element_type=\"widget\" data-widget_type=\"creote-blog-post-v1.default\">\n\t\t\t\t<div class=\"elementor-widget-container\">\n\t\t\t\t\t<section class=\"blog_post_section elemen_wp three_column news_wrapper_grid style_three \"> <div class=\"grid_show_case grid_layout clearfix\"> <!-- swiper-slide -->     <div class=\"news_box style_two grid_box _card has_images\" id=\"post-9193\"> <div class=\"content_box\"> <div class=\"overlay\"> <\/div>  <img fetchpriority=\"high\" decoding=\"async\" width=\"400\" height=\"300\" src=\"https:\/\/www.aerosol.cz\/wp-content\/uploads\/2023\/04\/364.jpg\" class=\"attachment-post-thumbnail size-post-thumbnail wp-post-image\" alt=\"\" srcset=\"https:\/\/www.aerosol.cz\/wp-content\/uploads\/2023\/04\/364.jpg 400w, https:\/\/www.aerosol.cz\/wp-content\/uploads\/2023\/04\/364-300x225.jpg 300w\" sizes=\"(max-width: 400px) 100vw, 400px\" \/>  <div class=\"category\"> <a href=\"https:\/\/www.aerosol.cz\/en\/category\/actualities\/\" class=\"categories\"><i class=\"icon-folder\"><\/i>Actualities<\/a> <\/div> <div class=\"content_mid\"> <span class=\"date_in_number\">January 24, 2023<\/span> <h2 class=\"title\"><a href=\"https:\/\/www.aerosol.cz\/en\/uncategorized\/future-of-diisocyanates\/\" rel=\"bookmark\">Future of Diisocyanates<\/a><\/h2> <\/div> <div class=\"auhtour_box\"> <img alt='' src='https:\/\/secure.gravatar.com\/avatar\/a9d2bb7d8c6d3862aba5c34cb7bae752b08fd93cde48b20858823f04b8bf6d40?s=60&#038;d=mm&#038;r=g' srcset='https:\/\/secure.gravatar.com\/avatar\/a9d2bb7d8c6d3862aba5c34cb7bae752b08fd93cde48b20858823f04b8bf6d40?s=120&#038;d=mm&#038;r=g 2x' class='avatar avatar-60 photo' height='60' width='60' \/> <div class=\"contnet_a\"> <p>POSTED BY<\/p> <h4> Aerosol Service <\/h4> <\/div> <\/div> <\/div> <\/div>     <div class=\"news_box style_two grid_box _card has_images\" id=\"post-9195\"> <div class=\"content_box\"> <div class=\"overlay\"> <\/div>  <img decoding=\"async\" width=\"400\" height=\"300\" src=\"https:\/\/www.aerosol.cz\/wp-content\/uploads\/2023\/04\/348.jpg\" class=\"attachment-post-thumbnail size-post-thumbnail wp-post-image\" alt=\"\" srcset=\"https:\/\/www.aerosol.cz\/wp-content\/uploads\/2023\/04\/348.jpg 400w, https:\/\/www.aerosol.cz\/wp-content\/uploads\/2023\/04\/348-300x225.jpg 300w\" sizes=\"(max-width: 400px) 100vw, 400px\" \/>  <div class=\"category\"> <a href=\"https:\/\/www.aerosol.cz\/en\/category\/actualities\/\" class=\"categories\"><i class=\"icon-folder\"><\/i>Actualities<\/a> <\/div> <div class=\"content_mid\"> <span class=\"date_in_number\">June 21, 2021<\/span> <h2 class=\"title\"><a href=\"https:\/\/www.aerosol.cz\/en\/actualities\/open-day-2021\/\" rel=\"bookmark\">Open day 2021<\/a><\/h2> <\/div> <div class=\"auhtour_box\"> <img alt='' src='https:\/\/secure.gravatar.com\/avatar\/a9d2bb7d8c6d3862aba5c34cb7bae752b08fd93cde48b20858823f04b8bf6d40?s=60&#038;d=mm&#038;r=g' srcset='https:\/\/secure.gravatar.com\/avatar\/a9d2bb7d8c6d3862aba5c34cb7bae752b08fd93cde48b20858823f04b8bf6d40?s=120&#038;d=mm&#038;r=g 2x' class='avatar avatar-60 photo' height='60' width='60' \/> <div class=\"contnet_a\"> <p>POSTED BY<\/p> <h4> Aerosol Service <\/h4> <\/div> <\/div> <\/div> <\/div>     <div class=\"news_box style_two grid_box _card has_images\" id=\"post-9196\"> <div class=\"content_box\"> <div class=\"overlay\"> <\/div>  <img decoding=\"async\" width=\"400\" height=\"300\" src=\"https:\/\/www.aerosol.cz\/wp-content\/uploads\/2023\/04\/138.jpg\" class=\"attachment-post-thumbnail size-post-thumbnail wp-post-image\" alt=\"\" srcset=\"https:\/\/www.aerosol.cz\/wp-content\/uploads\/2023\/04\/138.jpg 400w, https:\/\/www.aerosol.cz\/wp-content\/uploads\/2023\/04\/138-300x225.jpg 300w\" sizes=\"(max-width: 400px) 100vw, 400px\" \/>  <div class=\"category\"> <a href=\"https:\/\/www.aerosol.cz\/en\/category\/actualities\/\" class=\"categories\"><i class=\"icon-folder\"><\/i>Actualities<\/a> <\/div> <div class=\"content_mid\"> <span class=\"date_in_number\">April 17, 2018<\/span> <h2 class=\"title\"><a href=\"https:\/\/www.aerosol.cz\/en\/actualities\/trade-show-plma-2018\/\" rel=\"bookmark\">Trade show PLMA 2018<\/a><\/h2> <\/div> <div class=\"auhtour_box\"> <img alt='' src='https:\/\/secure.gravatar.com\/avatar\/a9d2bb7d8c6d3862aba5c34cb7bae752b08fd93cde48b20858823f04b8bf6d40?s=60&#038;d=mm&#038;r=g' srcset='https:\/\/secure.gravatar.com\/avatar\/a9d2bb7d8c6d3862aba5c34cb7bae752b08fd93cde48b20858823f04b8bf6d40?s=120&#038;d=mm&#038;r=g 2x' class='avatar avatar-60 photo' height='60' width='60' \/> <div class=\"contnet_a\"> <p>POSTED BY<\/p> <h4> Aerosol Service <\/h4> <\/div> <\/div> <\/div> <\/div>     <div class=\"news_box style_two grid_box _card has_images\" id=\"post-9191\"> <div class=\"content_box\"> <div class=\"overlay\"> <\/div>  <img loading=\"lazy\" decoding=\"async\" width=\"400\" height=\"300\" src=\"https:\/\/www.aerosol.cz\/wp-content\/uploads\/2021\/07\/146-1.jpg\" class=\"attachment-post-thumbnail size-post-thumbnail wp-post-image\" alt=\"\" srcset=\"https:\/\/www.aerosol.cz\/wp-content\/uploads\/2021\/07\/146-1.jpg 400w, https:\/\/www.aerosol.cz\/wp-content\/uploads\/2021\/07\/146-1-300x225.jpg 300w\" sizes=\"(max-width: 400px) 100vw, 400px\" \/>  <div class=\"category\"> <a href=\"https:\/\/www.aerosol.cz\/en\/category\/actualities\/\" class=\"categories\"><i class=\"icon-folder\"><\/i>Actualities<\/a> <\/div> <div class=\"content_mid\"> <span class=\"date_in_number\">April 23, 2016<\/span> <h2 class=\"title\"><a href=\"https:\/\/www.aerosol.cz\/en\/actualities\/open-day\/\" rel=\"bookmark\">Open Day<\/a><\/h2> <\/div> <div class=\"auhtour_box\"> <img alt='' src='https:\/\/secure.gravatar.com\/avatar\/806b004016629b1de492ccee76d145caca07703d10624d218b1adb1dc6924f81?s=60&#038;d=mm&#038;r=g' srcset='https:\/\/secure.gravatar.com\/avatar\/806b004016629b1de492ccee76d145caca07703d10624d218b1adb1dc6924f81?s=120&#038;d=mm&#038;r=g 2x' class='avatar avatar-60 photo' height='60' width='60' \/> <div class=\"contnet_a\"> <p>POSTED BY<\/p> <h4> admin <\/h4> <\/div> <\/div> <\/div> <\/div>    <\/div>  <div class=\"row\"> <div class=\"col-lg-12\"> <div class=\"pagination\">  <\/div> <\/div> <\/div>  <\/section>\r\n\t\t\t\t<\/div>\n\t\t\t\t<\/div>\n\t\t\t\t\t<\/div>\n\t\t<\/div>\n\t\t\t\t\t<\/div>\n\t\t<\/section>\n\t\t\t\t<\/div>\n\t\t","protected":false},"excerpt":{"rendered":"<p>Rady a tipy 28 dubna, 2023 Udr\u017eiteln\u00fd rozvoj a EPD POSTED BY Aerosol Service Rady a tipy 28 dubna, 2023 Lepen\u00ed zd\u00edc\u00edch prvk\u016f PU lepidlem POSTED BY Aerosol Service Rady a tipy 28 dubna, 2023 Obecn\u011b o aplikaci PU p\u011bn POSTED BY Aerosol Service Rady a tipy 28 dubna, 2023 Vypl\u0148ov\u00e1n\u00ed dutin PU p\u011bnou POSTED [&hellip;]<\/p>\n","protected":false},"author":1,"featured_media":0,"parent":0,"menu_order":0,"comment_status":"closed","ping_status":"closed","template":"template-fullwidth.php","meta":{"footnotes":""},"class_list":["post-9272","page","type-page","status-publish","hentry"],"_links":{"self":[{"href":"https:\/\/www.aerosol.cz\/en\/wp-json\/wp\/v2\/pages\/9272","targetHints":{"allow":["GET"]}}],"collection":[{"href":"https:\/\/www.aerosol.cz\/en\/wp-json\/wp\/v2\/pages"}],"about":[{"href":"https:\/\/www.aerosol.cz\/en\/wp-json\/wp\/v2\/types\/page"}],"author":[{"embeddable":true,"href":"https:\/\/www.aerosol.cz\/en\/wp-json\/wp\/v2\/users\/1"}],"replies":[{"embeddable":true,"href":"https:\/\/www.aerosol.cz\/en\/wp-json\/wp\/v2\/comments?post=9272"}],"version-history":[{"count":4,"href":"https:\/\/www.aerosol.cz\/en\/wp-json\/wp\/v2\/pages\/9272\/revisions"}],"predecessor-version":[{"id":9283,"href":"https:\/\/www.aerosol.cz\/en\/wp-json\/wp\/v2\/pages\/9272\/revisions\/9283"}],"wp:attachment":[{"href":"https:\/\/www.aerosol.cz\/en\/wp-json\/wp\/v2\/media?parent=9272"}],"curies":[{"name":"wp","href":"https:\/\/api.w.org\/{rel}","templated":true}]}}