{"id":8842,"date":"2023-04-28T14:59:28","date_gmt":"2023-04-28T14:59:28","guid":{"rendered":"https:\/\/www.aerosol.cz\/ochrana-osobnich-udaju\/"},"modified":"2023-05-13T16:53:11","modified_gmt":"2023-05-13T16:53:11","slug":"proteccion-de-datos-personales","status":"publish","type":"page","link":"https:\/\/www.aerosol.cz\/es\/proteccion-de-datos-personales\/","title":{"rendered":"Protecci\u00f3n de datos personales"},"content":{"rendered":"\t\t<div data-elementor-type=\"wp-page\" data-elementor-id=\"8842\" class=\"elementor elementor-8842 elementor-7708\" data-elementor-post-type=\"page\">\n\t\t\t\t\t\t<section class=\"elementor-section elementor-top-section elementor-element elementor-element-4804f40 elementor-section-boxed elementor-section-height-default elementor-section-height-default\" data-id=\"4804f40\" data-element_type=\"section\">\n\t\t\t\t\t\t<div class=\"elementor-container elementor-column-gap-default\">\n\t\t\t\t\t<div class=\"elementor-column elementor-col-100 elementor-top-column elementor-element elementor-element-964d263\" data-id=\"964d263\" data-element_type=\"column\">\n\t\t\t<div class=\"elementor-widget-wrap elementor-element-populated\">\n\t\t\t\t\t\t<div class=\"elementor-element elementor-element-1cdd445 elementor-widget elementor-widget-text-editor\" data-id=\"1cdd445\" data-element_type=\"widget\" data-widget_type=\"text-editor.default\">\n\t\t\t\t<div class=\"elementor-widget-container\">\n\t\t\t\t\t\t\t\t\t<h4>Consentimiento de la persona que se pone en contacto con nosotros a trav\u00e9s del formulario web<\/h4><p>De conformidad con el Reglamento (UE) n\u00ba 2016\/679 del Parlamento Europeo y del Consejo, de 27 de abril de 2016, relativo a la protecci\u00f3n de las personas f\u00edsicas en lo que respecta al tratamiento de datos personales y a la libre circulaci\u00f3n de estos datos y por el que se deroga la Directiva 95\/45\/CE (en lo sucesivo, GDPR), es nuestro deber informarle sobre el tratamiento de datos personales en relaci\u00f3n con nuestra cooperaci\u00f3n comercial mutua, <em>es decir, la celebraci\u00f3n de contratos, la recepci\u00f3n de pedidos, la facturaci\u00f3n, la comunicaci\u00f3n entre nosotros, la organizaci\u00f3n de eventos, etc.<\/em><\/p><p>En el marco de la cooperaci\u00f3n comercial mutua, los datos personales facilitados voluntariamente por usted, nombres y apellidos, direcciones de correo electr\u00f3nico, n\u00fameros de tel\u00e9fono y otros datos de la categor\u00eda de datos personales, son procesados exclusivamente por el departamento de ventas de Aerosol &#8211; service a.s., NIF: 24123145, con domicilio social Dru\u017estevn\u00ed 2, 273 51 Pleten\u00fd \u00dajezd.<\/p><p>Los datos personales se archivar\u00e1n en el departamento comercial de nuestra empresa durante un periodo de 4 a\u00f1os a partir del a\u00f1o de finalizaci\u00f3n de nuestra relaci\u00f3n comercial, salvo que la ley disponga otro periodo. Tambi\u00e9n podremos transmitir los datos personales a las autoridades p\u00fablicas y a los interesados en sus productos.<\/p><p>Los datos personales que se almacenen en formato electr\u00f3nico estar\u00e1n protegidos por una contrase\u00f1a de acceso. Los datos personales que se archiven en papel se guardar\u00e1n en un armario cerrado con llave en una sala destinada al archivo.<\/p><p>Usted tiene derecho a solicitar el acceso a sus datos personales, el derecho a solicitar la correcci\u00f3n de sus datos personales en caso de inexactitud o incorrecci\u00f3n, el derecho a solicitar la supresi\u00f3n de sus datos personales o la restricci\u00f3n de su tratamiento, el derecho a oponerse al tratamiento de sus datos personales, el derecho a revocar su consentimiento en cualquier momento, lo que no afectar\u00e1 a la legalidad del tratamiento basado en el consentimiento otorgado antes de su revocaci\u00f3n, el derecho a presentar una reclamaci\u00f3n contra el proceso de tratamiento de datos personales por parte del administrador ante la autoridad de control, que es la Oficina de Protecci\u00f3n de Datos Personales, Pplk. Sochora 27, 170 00 Praga 7. Usted puede ejercer los derechos antes mencionados por escrito y por escrito.<\/p><p>Puede ejercer los derechos anteriores por escrito en la direcci\u00f3n que le facilitemos.<\/p>\t\t\t\t\t\t\t\t<\/div>\n\t\t\t\t<\/div>\n\t\t\t\t\t<\/div>\n\t\t<\/div>\n\t\t\t\t\t<\/div>\n\t\t<\/section>\n\t\t\t\t<\/div>\n\t\t","protected":false},"excerpt":{"rendered":"<p>Consentimiento de la persona que se pone en contacto con nosotros a trav\u00e9s del formulario web De conformidad con el Reglamento (UE) n\u00ba 2016\/679 del Parlamento Europeo y del Consejo, de 27 de abril de 2016, relativo a la protecci\u00f3n de las personas f\u00edsicas en lo que respecta al tratamiento de datos personales y a [&hellip;]<\/p>\n","protected":false},"author":1,"featured_media":0,"parent":0,"menu_order":0,"comment_status":"closed","ping_status":"closed","template":"template-fullwidth.php","meta":{"footnotes":""},"class_list":["post-8842","page","type-page","status-publish","hentry"],"_links":{"self":[{"href":"https:\/\/www.aerosol.cz\/es\/wp-json\/wp\/v2\/pages\/8842","targetHints":{"allow":["GET"]}}],"collection":[{"href":"https:\/\/www.aerosol.cz\/es\/wp-json\/wp\/v2\/pages"}],"about":[{"href":"https:\/\/www.aerosol.cz\/es\/wp-json\/wp\/v2\/types\/page"}],"author":[{"embeddable":true,"href":"https:\/\/www.aerosol.cz\/es\/wp-json\/wp\/v2\/users\/1"}],"replies":[{"embeddable":true,"href":"https:\/\/www.aerosol.cz\/es\/wp-json\/wp\/v2\/comments?post=8842"}],"version-history":[{"count":5,"href":"https:\/\/www.aerosol.cz\/es\/wp-json\/wp\/v2\/pages\/8842\/revisions"}],"predecessor-version":[{"id":9268,"href":"https:\/\/www.aerosol.cz\/es\/wp-json\/wp\/v2\/pages\/8842\/revisions\/9268"}],"wp:attachment":[{"href":"https:\/\/www.aerosol.cz\/es\/wp-json\/wp\/v2\/media?parent=8842"}],"curies":[{"name":"wp","href":"https:\/\/api.w.org\/{rel}","templated":true}]}}