{"id":8844,"date":"2023-04-28T12:13:02","date_gmt":"2023-04-28T12:13:02","guid":{"rendered":"https:\/\/www.aerosol.cz\/vyzkum-a-vyvoj\/"},"modified":"2023-05-13T21:47:35","modified_gmt":"2023-05-13T21:47:35","slug":"desarrollo-e-innovacion","status":"publish","type":"page","link":"https:\/\/www.aerosol.cz\/es\/desarrollo-e-innovacion\/","title":{"rendered":"Desarrollo"},"content":{"rendered":"\t\t<div data-elementor-type=\"wp-page\" data-elementor-id=\"8844\" class=\"elementor elementor-8844 elementor-7636\" data-elementor-post-type=\"page\">\n\t\t\t\t\t\t<section class=\"elementor-section elementor-top-section elementor-element elementor-element-8e36bac elementor-section-boxed elementor-section-height-default elementor-section-height-default\" data-id=\"8e36bac\" data-element_type=\"section\">\n\t\t\t\t\t\t<div class=\"elementor-container elementor-column-gap-default\">\n\t\t\t\t\t<div class=\"elementor-column elementor-col-50 elementor-top-column elementor-element elementor-element-1ac6ca3\" data-id=\"1ac6ca3\" data-element_type=\"column\">\n\t\t\t<div class=\"elementor-widget-wrap elementor-element-populated\">\n\t\t\t\t\t\t<div class=\"elementor-element elementor-element-b033d04 elementor-invisible elementor-widget elementor-widget-creote-image-box-v1\" data-id=\"b033d04\" data-element_type=\"widget\" data-settings=\"{&quot;_animation&quot;:&quot;fadeInUp&quot;}\" data-widget_type=\"creote-image-box-v1.default\">\n\t\t\t\t<div class=\"elementor-widget-container\">\n\t\t\t\t\t<div class=\"image_boxes style_four\" >  <div class=\"image_box one\"> <img decoding=\"async\" src=\"https:\/\/www.aerosol.cz\/wp-content\/uploads\/2023\/04\/Laborator_aerosol.jpg\" class=\"img-fluid\" alt=\"image\"> <\/div>  <div class=\"image_box\"> <div class=\"row\">  <div class=\"col-lg-6 col-md-6 pad_zero_left\"> <div class=\"imgs\"> <img decoding=\"async\" src=\"https:\/\/www.aerosol.cz\/wp-content\/uploads\/2023\/04\/Nase_laborator_aerosol-1.jpg\" class=\"img-fluid one_img\" alt=\"image\"> <\/div> <\/div>   <div class=\"col-lg-6 col-md-6 pad_zero_right\"> <div class=\"imgs\"> <img decoding=\"async\" src=\"https:\/\/www.aerosol.cz\/wp-content\/uploads\/2023\/04\/DSC02824-scaled-e1682691106787.jpg\" class=\"img-fluid one_img\" alt=\"image\"> <\/div> <\/div>  <\/div> <\/div>  <div class=\"image_content_inner \"> <h2> 22 a\u00f1os en el mercado<\/h2>  <\/div> <\/div> \r\n\t\t\t\t<\/div>\n\t\t\t\t<\/div>\n\t\t\t\t\t<\/div>\n\t\t<\/div>\n\t\t\t\t<div class=\"elementor-column elementor-col-50 elementor-top-column elementor-element elementor-element-8e61b24\" data-id=\"8e61b24\" data-element_type=\"column\">\n\t\t\t<div class=\"elementor-widget-wrap elementor-element-populated\">\n\t\t\t\t\t\t<div class=\"elementor-element elementor-element-0cefde6 elementor-invisible elementor-widget elementor-widget-creote-title-v1\" data-id=\"0cefde6\" data-element_type=\"widget\" data-settings=\"{&quot;_animation&quot;:&quot;fadeInUp&quot;}\" data-widget_type=\"creote-title-v1.default\">\n\t\t\t\t<div class=\"elementor-widget-container\">\n\t\t\t\t\t<div class=\"title_all_box style_three dark_color\">\r\n            <!-- Title style three -->\r\n        <div class=\"title_sections three left\">\r\n                            <div class=\"before_title\">\r\n                    Laboratorio                <\/div>\r\n                                        <div class=\"title\">\r\n                    Desarrollo e innovaci\u00f3n                <\/div>\r\n                                        <p>Nuestro propio laboratorio de desarrollo nos proporciona no solo antecedentes para el desarrollo y prueba de nuevos productos, sino tambi\u00e9n para la innovaci\u00f3n constante de las recetas existentes, lo que nos permite responder con flexibilidad a las tendencias cambiantes y los requisitos de los clientes, y aumentar constantemente la competitividad de nuestros productos.<\/p>\r\n                    <\/div>\r\n        <!-- End of title style three -->\r\n\r\n    <\/div>\r\n\t\t\t\t<\/div>\n\t\t\t\t<\/div>\n\t\t\t\t<div class=\"elementor-element elementor-element-d82b52b elementor-invisible elementor-widget elementor-widget-creote-extra-content-v1\" data-id=\"d82b52b\" data-element_type=\"widget\" data-settings=\"{&quot;_animation&quot;:&quot;fadeInUp&quot;}\" data-widget_type=\"creote-extra-content-v1.default\">\n\t\t\t\t<div class=\"elementor-widget-container\">\n\t\t\t\t\t<div class=\"extra_content image_with_content dark_color\" >  <div class=\"simple_image\">  <img decoding=\"async\" src=\"https:\/\/www.aerosol.cz\/wp-content\/uploads\/2023\/04\/120x120_logo.png\" alt=\"image\" \/>  <h2> En 2001, <br> Empezamos con una l\u00ednea de producci\u00f3n.  <\/h2> <\/div> <\/div>\r\n\t\t\t\t<\/div>\n\t\t\t\t<\/div>\n\t\t\t\t<div class=\"elementor-element elementor-element-d5de303 elementor-invisible elementor-widget elementor-widget-creote-description-v1\" data-id=\"d5de303\" data-element_type=\"widget\" data-settings=\"{&quot;_animation&quot;:&quot;fadeInUp&quot;}\" data-widget_type=\"creote-description-v1.default\">\n\t\t\t\t<div class=\"elementor-widget-container\">\n\t\t\t\t\t<div class=\"description_box\" >  <p>Un equipo de personal de laboratorio cualificado tiene muchos a\u00f1os de experiencia y se centra intensamente en el desarrollo y mejora de recetas para espumas de poliuretano y otros aerosoles. Los empleados del laboratorio siguen las \u00faltimas tendencias en el campo e involucran activamente los conocimientos reci\u00e9n adquiridos en sus actividades de desarrollo. El laboratorio tambi\u00e9n juega un papel importante en la verificaci\u00f3n de la calidad de las materias primas y los productos terminados.<\/p> <\/div>\r\n\t\t\t\t<\/div>\n\t\t\t\t<\/div>\n\t\t\t\t<section class=\"elementor-section elementor-inner-section elementor-element elementor-element-38994f1 elementor-section-full_width elementor-section-height-default elementor-section-height-default elementor-invisible\" data-id=\"38994f1\" data-element_type=\"section\" data-settings=\"{&quot;animation&quot;:&quot;fadeInUp&quot;}\">\n\t\t\t\t\t\t<div class=\"elementor-container elementor-column-gap-no\">\n\t\t\t\t\t<div class=\"elementor-column elementor-col-50 elementor-inner-column elementor-element elementor-element-436ee42\" data-id=\"436ee42\" data-element_type=\"column\">\n\t\t\t<div class=\"elementor-widget-wrap elementor-element-populated\">\n\t\t\t\t\t\t<div class=\"elementor-element elementor-element-8e67fbe elementor-widget elementor-widget-creote-iconbox-v1\" data-id=\"8e67fbe\" data-element_type=\"widget\" data-widget_type=\"creote-iconbox-v1.default\">\n\t\t\t\t<div class=\"elementor-widget-container\">\n\t\t\t\t\t<div class=\"icon_box_all style_two\" \r\n    >\r\n\r\n            <div class=\"icon_content \">\r\n                            <div class=\"icon\">\r\n                    <span class=\"fa fa-angle-double-right\"><\/span>\r\n                <\/div>\r\n                        <div class=\"txt_content\">\r\n                                  <h2 class=\"icontitle\">\r\n                                                    <a href=\"#\"  target=&quot;_blank&quot;  rel=&quot;nofollow&quot;>\r\n                                Laboratorio de desarrollo propio                            <\/a>\r\n                                         <\/h2>\r\n                                            <\/div>\r\n        <\/div>\r\n\r\n    <\/div>\r\n\t\t\t\t<\/div>\n\t\t\t\t<\/div>\n\t\t\t\t\t<\/div>\n\t\t<\/div>\n\t\t\t\t<div class=\"elementor-column elementor-col-50 elementor-inner-column elementor-element elementor-element-268a43d\" data-id=\"268a43d\" data-element_type=\"column\">\n\t\t\t<div class=\"elementor-widget-wrap elementor-element-populated\">\n\t\t\t\t\t\t<div class=\"elementor-element elementor-element-1ade236 elementor-widget elementor-widget-creote-iconbox-v1\" data-id=\"1ade236\" data-element_type=\"widget\" data-widget_type=\"creote-iconbox-v1.default\">\n\t\t\t\t<div class=\"elementor-widget-container\">\n\t\t\t\t\t<div class=\"icon_box_all style_two\" \r\n    >\r\n\r\n            <div class=\"icon_content \">\r\n                            <div class=\"icon\">\r\n                    <span class=\"fa fa-angle-double-right\"><\/span>\r\n                <\/div>\r\n                        <div class=\"txt_content\">\r\n                                  <h2 class=\"icontitle\">\r\n                                                    <a href=\"#\"  target=&quot;_blank&quot;  rel=&quot;nofollow&quot;>\r\n                                Equipo de personal cualificado                            <\/a>\r\n                                         <\/h2>\r\n                                            <\/div>\r\n        <\/div>\r\n\r\n    <\/div>\r\n\t\t\t\t<\/div>\n\t\t\t\t<\/div>\n\t\t\t\t\t<\/div>\n\t\t<\/div>\n\t\t\t\t\t<\/div>\n\t\t<\/section>\n\t\t\t\t\t<\/div>\n\t\t<\/div>\n\t\t\t\t\t<\/div>\n\t\t<\/section>\n\t\t\t\t<section class=\"elementor-section elementor-top-section elementor-element elementor-element-aee072c elementor-section-boxed elementor-section-height-default elementor-section-height-default\" data-id=\"aee072c\" data-element_type=\"section\">\n\t\t\t\t\t\t<div class=\"elementor-container elementor-column-gap-default\">\n\t\t\t\t\t<div class=\"elementor-column elementor-col-50 elementor-top-column elementor-element elementor-element-c9484a2\" data-id=\"c9484a2\" data-element_type=\"column\">\n\t\t\t<div class=\"elementor-widget-wrap elementor-element-populated\">\n\t\t\t\t\t\t<div class=\"elementor-element elementor-element-0b0189c elementor-widget elementor-widget-creote-iconbox-v1\" data-id=\"0b0189c\" data-element_type=\"widget\" data-widget_type=\"creote-iconbox-v1.default\">\n\t\t\t\t<div class=\"elementor-widget-container\">\n\t\t\t\t\t<div class=\"icon_box_all style_one\" \r\n     \r\n        data-aos=\"fade-up\" data-aos-delay=\"0\" data-aos-offset=\"0\" \r\n    >\r\n\r\n            <div class=\"icon_content  icon_centers \">\r\n                            <div class=\"icon\">\r\n                    <img decoding=\"async\" src=\"https:\/\/www.aerosol.cz\/wp-content\/uploads\/2023\/04\/vybaveni_laboratore.png\" class=\"img-fluid svg_image\" alt=\"\" \/>\r\n                <\/div>\r\n                        <div class=\"txt_content\">\r\n                                  <h2 class=\"icontitle\">\r\n                                              <a href=\"#\"  target=&quot;_blank&quot;  rel=&quot;nofollow&quot;>\r\n                                Material de laboratorio                            <\/a>\r\n                                                <\/h2>\r\n                                                    <p>\r\n                        El laboratorio est\u00e1 equipado con una serie de instrumentos anal\u00edticos espec\u00edficos que permiten tanto la verificaci\u00f3n de los par\u00e1metros de las espumas de poliuretano como el control de los par\u00e1metros f\u00edsico-qu\u00edmicos de las materias primas de entrada.<\/br>\n<\/br>\nDurante el desarrollo de recetas individuales, tambi\u00e9n determinamos el efecto del envejecimiento de nuestros productos en diversas condiciones clim\u00e1ticas simuladas en varias c\u00e1maras clim\u00e1ticas de alta capacidad, hornos y tambi\u00e9n en la c\u00e1mara de enfriamiento y congelaci\u00f3n.                    <\/p>\r\n                            <\/div>\r\n        <\/div>\r\n    <\/div>\r\n\t\t\t\t<\/div>\n\t\t\t\t<\/div>\n\t\t\t\t\t<\/div>\n\t\t<\/div>\n\t\t\t\t<div class=\"elementor-column elementor-col-50 elementor-top-column elementor-element elementor-element-f7339a7\" data-id=\"f7339a7\" data-element_type=\"column\">\n\t\t\t<div class=\"elementor-widget-wrap elementor-element-populated\">\n\t\t\t\t\t\t<div class=\"elementor-element elementor-element-2fc824f elementor-widget elementor-widget-creote-iconbox-v1\" data-id=\"2fc824f\" data-element_type=\"widget\" data-widget_type=\"creote-iconbox-v1.default\">\n\t\t\t\t<div class=\"elementor-widget-container\">\n\t\t\t\t\t<div class=\"icon_box_all style_one\" \r\n     \r\n        data-aos=\"fade-up\" data-aos-delay=\"0\" data-aos-offset=\"0\" \r\n    >\r\n\r\n            <div class=\"icon_content  icon_centers \">\r\n                            <div class=\"icon\">\r\n                    <img decoding=\"async\" src=\"https:\/\/www.aerosol.cz\/wp-content\/uploads\/2023\/04\/vybaveni_laboratore.png\" class=\"img-fluid svg_image\" alt=\"\" \/>\r\n                <\/div>\r\n                        <div class=\"txt_content\">\r\n                                  <h2 class=\"icontitle\">\r\n                                              <a href=\"#\"  target=&quot;_blank&quot;  rel=&quot;nofollow&quot;>\r\n                                Crecimiento futuro                            <\/a>\r\n                                                <\/h2>\r\n                                                    <p>\r\n                        Somos conscientes del papel fundamental del departamento de investigaci\u00f3n y desarrollo para el crecimiento futuro de la empresa, asegurando los exigentes requisitos del mercado y cumpliendo con los aspectos medioambientales, por lo que mantenemos contactos a largo plazo con universidades e institutos de investigaci\u00f3n. <\/br>\n<\/br>\nEl resultado de nuestra cooperaci\u00f3n con ICT Prague son, entre otras cosas, pr\u00e1cticas de estudiantes en nuestro laboratorio. Cada a\u00f1o, ofrecemos a varios estudiantes una oferta de cooperaci\u00f3n activa en el desarrollo y prueba de nuestros productos. Durante la pasant\u00eda, tienen la oportunidad de trabajar en todos los equipos de laboratorio, aportar nuevos conocimientos y perspectivas y profundizar sus conocimientos.                    <\/p>\r\n                            <\/div>\r\n        <\/div>\r\n    <\/div>\r\n\t\t\t\t<\/div>\n\t\t\t\t<\/div>\n\t\t\t\t\t<\/div>\n\t\t<\/div>\n\t\t\t\t\t<\/div>\n\t\t<\/section>\n\t\t\t\t<section class=\"elementor-section elementor-top-section elementor-element elementor-element-f759ea1 elementor-section-boxed elementor-section-height-default elementor-section-height-default\" data-id=\"f759ea1\" data-element_type=\"section\">\n\t\t\t\t\t\t<div class=\"elementor-container elementor-column-gap-default\">\n\t\t\t\t\t<div class=\"elementor-column elementor-col-100 elementor-top-column elementor-element elementor-element-5215a77\" data-id=\"5215a77\" data-element_type=\"column\">\n\t\t\t<div class=\"elementor-widget-wrap elementor-element-populated\">\n\t\t\t\t\t\t<div class=\"elementor-element elementor-element-d7ebbda elementor-widget elementor-widget-spacer\" data-id=\"d7ebbda\" data-element_type=\"widget\" data-widget_type=\"spacer.default\">\n\t\t\t\t<div class=\"elementor-widget-container\">\n\t\t\t\t\t\t\t<div class=\"elementor-spacer\">\n\t\t\t<div class=\"elementor-spacer-inner\"><\/div>\n\t\t<\/div>\n\t\t\t\t\t\t<\/div>\n\t\t\t\t<\/div>\n\t\t\t\t<div class=\"elementor-element elementor-element-2165390 elementor-widget elementor-widget-creote-mega-menu-image-carouse-v1\" data-id=\"2165390\" data-element_type=\"widget\" data-widget_type=\"creote-mega-menu-image-carouse-v1.default\">\n\t\t\t\t<div class=\"elementor-widget-container\">\n\t\t\t\t\t<section class=\"image_box_carousel_content arrow_enable  image_covered \"> <div class=\"theme_carousel owl-theme owl-carousel\" data-options='{\"loop\": false, \"margin\": 20, \"autoheight\":true, \"lazyload\":true, \"nav\": true, \"dots\": false, \"autoplay\": false, \"autoplayTimeout\": 6000, \"smartSpeed\": 300, \"responsive\":{ \"0\" :{ \"items\": \"1\" }, \"600\" :{ \"items\" : \"2\" }, \"768\" :{ \"items\" : \"2\" } , \"992\":{ \"items\" : \"3\" }, \"1200\":{ \"items\" : \"4\" }}}'>  <div class=\"mg_image_box\">  <div class=\"image_box\"> <img decoding=\"async\" src=\"https:\/\/www.aerosol.cz\/wp-content\/uploads\/2023\/04\/DSC047151.jpg\" class=\"img\" alt=\"image\" \/> <a href=\"https:\/\/www.aerosol.cz\/wp-content\/uploads\/2023\/04\/DSC047151.jpg\" class=\"ab_link\"  > <span class=\"icon-right-arrow-long\"><\/span> <\/a> <\/div>    <\/div>  <div class=\"mg_image_box\">  <div class=\"image_box\"> <img decoding=\"async\" src=\"https:\/\/www.aerosol.cz\/wp-content\/uploads\/2023\/04\/DSC047321.jpg\" class=\"img\" alt=\"image\" \/> <a href=\"https:\/\/www.aerosol.cz\/wp-content\/uploads\/2023\/04\/DSC047321.jpg\" class=\"ab_link\"  > <span class=\"icon-right-arrow-long\"><\/span> <\/a> <\/div>    <\/div>  <div class=\"mg_image_box\">  <div class=\"image_box\"> <img decoding=\"async\" src=\"https:\/\/www.aerosol.cz\/wp-content\/uploads\/2023\/04\/DSC047661.jpg\" class=\"img\" alt=\"image\" \/> <a href=\"https:\/\/www.aerosol.cz\/wp-content\/uploads\/2023\/04\/DSC047661.jpg\" class=\"ab_link\"  > <span class=\"icon-right-arrow-long\"><\/span> <\/a> <\/div>    <\/div>  <div class=\"mg_image_box\">  <div class=\"image_box\"> <img decoding=\"async\" src=\"https:\/\/www.aerosol.cz\/wp-content\/uploads\/2023\/04\/DSC047681.jpg\" class=\"img\" alt=\"image\" \/> <a href=\"https:\/\/www.aerosol.cz\/wp-content\/uploads\/2023\/04\/DSC047681.jpg\" class=\"ab_link\"  > <span class=\"icon-right-arrow-long\"><\/span> <\/a> <\/div>    <\/div>  <div class=\"mg_image_box\">  <div class=\"image_box\"> <img decoding=\"async\" src=\"https:\/\/www.aerosol.cz\/wp-content\/uploads\/2023\/04\/DSC018311.jpg\" class=\"img\" alt=\"image\" \/> <a href=\"https:\/\/www.aerosol.cz\/wp-content\/uploads\/2023\/04\/DSC018311.jpg\" class=\"ab_link\"  > <span class=\"icon-right-arrow-long\"><\/span> <\/a> <\/div>    <\/div>  <div class=\"mg_image_box\">  <div class=\"image_box\"> <img decoding=\"async\" src=\"https:\/\/www.aerosol.cz\/wp-content\/uploads\/2023\/04\/IMG118111.jpg\" class=\"img\" alt=\"image\" \/> <a href=\"https:\/\/www.aerosol.cz\/wp-content\/uploads\/2023\/04\/IMG118111.jpg\" class=\"ab_link\"  > <span class=\"icon-right-arrow-long\"><\/span> <\/a> <\/div>    <\/div>  <div class=\"mg_image_box\">  <div class=\"image_box\"> <img decoding=\"async\" src=\"https:\/\/www.aerosol.cz\/wp-content\/uploads\/2023\/04\/Mikroskop1.jpg\" class=\"img\" alt=\"image\" \/> <a href=\"https:\/\/www.aerosol.cz\/wp-content\/uploads\/2023\/04\/Mikroskop1.jpg\" class=\"ab_link\"  > <span class=\"icon-right-arrow-long\"><\/span> <\/a> <\/div>    <\/div>  <div class=\"mg_image_box\">  <div class=\"image_box\"> <img decoding=\"async\" src=\"https:\/\/www.aerosol.cz\/wp-content\/uploads\/2023\/04\/IMG117611.jpg\" class=\"img\" alt=\"image\" \/> <a href=\"https:\/\/www.aerosol.cz\/wp-content\/uploads\/2023\/04\/IMG117611.jpg\" class=\"ab_link\"  > <span class=\"icon-right-arrow-long\"><\/span> <\/a> <\/div>    <\/div>  <\/div><\/section>\r\n\t\t\t\t<\/div>\n\t\t\t\t<\/div>\n\t\t\t\t<div class=\"elementor-element elementor-element-64ac222 elementor-widget elementor-widget-spacer\" data-id=\"64ac222\" data-element_type=\"widget\" data-widget_type=\"spacer.default\">\n\t\t\t\t<div class=\"elementor-widget-container\">\n\t\t\t\t\t\t\t<div class=\"elementor-spacer\">\n\t\t\t<div class=\"elementor-spacer-inner\"><\/div>\n\t\t<\/div>\n\t\t\t\t\t\t<\/div>\n\t\t\t\t<\/div>\n\t\t\t\t\t<\/div>\n\t\t<\/div>\n\t\t\t\t\t<\/div>\n\t\t<\/section>\n\t\t\t\t<\/div>\n\t\t","protected":false},"excerpt":{"rendered":"<p>22 a\u00f1os en el mercado Laboratorio Desarrollo e innovaci\u00f3n Nuestro propio laboratorio de desarrollo nos proporciona no solo antecedentes para el desarrollo y prueba de nuevos productos, sino tambi\u00e9n para la innovaci\u00f3n constante de las recetas existentes, lo que nos permite responder con flexibilidad a las tendencias cambiantes y los requisitos de los clientes, y [&hellip;]<\/p>\n","protected":false},"author":1,"featured_media":0,"parent":0,"menu_order":0,"comment_status":"closed","ping_status":"closed","template":"template-fullwidth.php","meta":{"footnotes":""},"class_list":["post-8844","page","type-page","status-publish","hentry"],"_links":{"self":[{"href":"https:\/\/www.aerosol.cz\/es\/wp-json\/wp\/v2\/pages\/8844","targetHints":{"allow":["GET"]}}],"collection":[{"href":"https:\/\/www.aerosol.cz\/es\/wp-json\/wp\/v2\/pages"}],"about":[{"href":"https:\/\/www.aerosol.cz\/es\/wp-json\/wp\/v2\/types\/page"}],"author":[{"embeddable":true,"href":"https:\/\/www.aerosol.cz\/es\/wp-json\/wp\/v2\/users\/1"}],"replies":[{"embeddable":true,"href":"https:\/\/www.aerosol.cz\/es\/wp-json\/wp\/v2\/comments?post=8844"}],"version-history":[{"count":14,"href":"https:\/\/www.aerosol.cz\/es\/wp-json\/wp\/v2\/pages\/8844\/revisions"}],"predecessor-version":[{"id":9502,"href":"https:\/\/www.aerosol.cz\/es\/wp-json\/wp\/v2\/pages\/8844\/revisions\/9502"}],"wp:attachment":[{"href":"https:\/\/www.aerosol.cz\/es\/wp-json\/wp\/v2\/media?parent=8844"}],"curies":[{"name":"wp","href":"https:\/\/api.w.org\/{rel}","templated":true}]}}