{"id":8852,"date":"2023-04-27T05:18:50","date_gmt":"2023-04-27T05:18:50","guid":{"rendered":"https:\/\/www.aerosol.cz\/cistic-pu-peny\/"},"modified":"2023-05-14T13:24:57","modified_gmt":"2023-05-14T13:24:57","slug":"limpiadores-de-espuma-pu","status":"publish","type":"page","link":"https:\/\/www.aerosol.cz\/es\/productos\/espumas-de-poliuretano\/limpiadores-de-espuma-pu\/","title":{"rendered":"Limpiadores de espuma PU"},"content":{"rendered":"\t\t<div data-elementor-type=\"wp-page\" data-elementor-id=\"8852\" class=\"elementor elementor-8852 elementor-7013\" data-elementor-post-type=\"page\">\n\t\t\t\t\t\t<section class=\"elementor-section elementor-top-section elementor-element elementor-element-8f6a7cd elementor-section-boxed elementor-section-height-default elementor-section-height-default\" data-id=\"8f6a7cd\" data-element_type=\"section\" data-settings=\"{&quot;background_background&quot;:&quot;classic&quot;}\">\n\t\t\t\t\t\t<div class=\"elementor-container elementor-column-gap-default\">\n\t\t\t\t\t<div class=\"elementor-column elementor-col-100 elementor-top-column elementor-element elementor-element-7d090fc\" data-id=\"7d090fc\" data-element_type=\"column\">\n\t\t\t<div class=\"elementor-widget-wrap elementor-element-populated\">\n\t\t\t\t\t\t<div class=\"elementor-element elementor-element-ad712cb elementor-widget elementor-widget-creote-title-v1\" data-id=\"ad712cb\" data-element_type=\"widget\" data-widget_type=\"creote-title-v1.default\">\n\t\t\t\t<div class=\"elementor-widget-container\">\n\t\t\t\t\t<div class=\"title_all_box style_three dark_color\">\r\n            <!-- Title style three -->\r\n        <div class=\"title_sections three left\">\r\n                            <div class=\"before_title\">\r\n                    Limpieza de la espuma                <\/div>\r\n                                        <div class=\"title\">\r\n                    Limpiador de poliuretano                <\/div>\r\n                                        <p>El limpiador de espuma de poliuretano es una mezcla de disolventes org\u00e1nicos y gas propelente para disolver espuma fresca y espuma parcialmente curada. El producto en aerosol est\u00e1 destinado sobre todo para limpieza y mantenimiento de las herramientas de aplicaci\u00f3n y de superficies manchadas de espuma de poliuretano. El limpiador de espuma de poliuretano es un l\u00edquido excelente para limpiar las pistolas de aplicaci\u00f3n. La limpieza cuidadosa de la pistola optimiza su funci\u00f3n y prolonga su vida \u00fatil.<\/p>\r\n                    <\/div>\r\n        <!-- End of title style three -->\r\n\r\n    <\/div>\r\n\t\t\t\t<\/div>\n\t\t\t\t<\/div>\n\t\t\t\t<div class=\"elementor-element elementor-element-2b1e19f elementor-widget elementor-widget-creote-extra-content-v1\" data-id=\"2b1e19f\" data-element_type=\"widget\" data-widget_type=\"creote-extra-content-v1.default\">\n\t\t\t\t<div class=\"elementor-widget-container\">\n\t\t\t\t\t<div class=\"extra_content download_docs dark_color\"  data-aos=\"fade-up\" data-aos-delay=\"100\" data-aos-offset=\"0\" >  <div class=\"download_box_content\">  <a href=\"https:\/\/www.aerosol.cz\/wp-content\/uploads\/2023\/05\/tl-002-en-pu-foam-cleaner-010920-1.pdf\" download> Ficha t\u00e9cnica - Limpiador de PU - EN <i class=\"icon-download-symbol\"><\/i> <\/a>  <\/div> <\/div>\r\n\t\t\t\t<\/div>\n\t\t\t\t<\/div>\n\t\t\t\t<div class=\"elementor-element elementor-element-9cff5c3 elementor-widget elementor-widget-spacer\" data-id=\"9cff5c3\" data-element_type=\"widget\" data-widget_type=\"spacer.default\">\n\t\t\t\t<div class=\"elementor-widget-container\">\n\t\t\t\t\t\t\t<div class=\"elementor-spacer\">\n\t\t\t<div class=\"elementor-spacer-inner\"><\/div>\n\t\t<\/div>\n\t\t\t\t\t\t<\/div>\n\t\t\t\t<\/div>\n\t\t\t\t\t<\/div>\n\t\t<\/div>\n\t\t\t\t\t<\/div>\n\t\t<\/section>\n\t\t\t\t<\/div>\n\t\t","protected":false},"excerpt":{"rendered":"<p>Limpieza de la espuma Limpiador de poliuretano El limpiador de espuma de poliuretano es una mezcla de disolventes org\u00e1nicos y gas propelente para disolver espuma fresca y espuma parcialmente curada. El producto en aerosol est\u00e1 destinado sobre todo para limpieza y mantenimiento de las herramientas de aplicaci\u00f3n y de superficies manchadas de espuma de poliuretano. [&hellip;]<\/p>\n","protected":false},"author":1,"featured_media":0,"parent":8862,"menu_order":0,"comment_status":"closed","ping_status":"closed","template":"template-fullwidth.php","meta":{"footnotes":""},"class_list":["post-8852","page","type-page","status-publish","hentry"],"_links":{"self":[{"href":"https:\/\/www.aerosol.cz\/es\/wp-json\/wp\/v2\/pages\/8852","targetHints":{"allow":["GET"]}}],"collection":[{"href":"https:\/\/www.aerosol.cz\/es\/wp-json\/wp\/v2\/pages"}],"about":[{"href":"https:\/\/www.aerosol.cz\/es\/wp-json\/wp\/v2\/types\/page"}],"author":[{"embeddable":true,"href":"https:\/\/www.aerosol.cz\/es\/wp-json\/wp\/v2\/users\/1"}],"replies":[{"embeddable":true,"href":"https:\/\/www.aerosol.cz\/es\/wp-json\/wp\/v2\/comments?post=8852"}],"version-history":[{"count":7,"href":"https:\/\/www.aerosol.cz\/es\/wp-json\/wp\/v2\/pages\/8852\/revisions"}],"predecessor-version":[{"id":9589,"href":"https:\/\/www.aerosol.cz\/es\/wp-json\/wp\/v2\/pages\/8852\/revisions\/9589"}],"up":[{"embeddable":true,"href":"https:\/\/www.aerosol.cz\/es\/wp-json\/wp\/v2\/pages\/8862"}],"wp:attachment":[{"href":"https:\/\/www.aerosol.cz\/es\/wp-json\/wp\/v2\/media?parent=8852"}],"curies":[{"name":"wp","href":"https:\/\/api.w.org\/{rel}","templated":true}]}}