{"id":8854,"date":"2023-04-27T05:13:18","date_gmt":"2023-04-27T05:13:18","guid":{"rendered":"https:\/\/www.aerosol.cz\/dvoukomponentni-2-k-montazni-pu-pena\/"},"modified":"2023-05-14T21:00:30","modified_gmt":"2023-05-14T21:00:30","slug":"espuma-de-poliuretano-2-c-para-montaje","status":"publish","type":"page","link":"https:\/\/www.aerosol.cz\/es\/productos\/espumas-de-poliuretano\/espuma-de-poliuretano-2-c-para-montaje\/","title":{"rendered":"Espuma de poliuretano 2-C para montaje"},"content":{"rendered":"\t\t<div data-elementor-type=\"wp-page\" data-elementor-id=\"8854\" class=\"elementor elementor-8854 elementor-7005\" data-elementor-post-type=\"page\">\n\t\t\t\t\t\t<section class=\"elementor-section elementor-top-section elementor-element elementor-element-491a7ec elementor-section-boxed elementor-section-height-default elementor-section-height-default\" data-id=\"491a7ec\" data-element_type=\"section\">\n\t\t\t\t\t\t<div class=\"elementor-container elementor-column-gap-default\">\n\t\t\t\t\t<div class=\"elementor-column elementor-col-100 elementor-top-column elementor-element elementor-element-1a8302c\" data-id=\"1a8302c\" data-element_type=\"column\">\n\t\t\t<div class=\"elementor-widget-wrap elementor-element-populated\">\n\t\t\t\t\t\t<div class=\"elementor-element elementor-element-38222bd elementor-widget elementor-widget-spacer\" data-id=\"38222bd\" data-element_type=\"widget\" data-widget_type=\"spacer.default\">\n\t\t\t\t<div class=\"elementor-widget-container\">\n\t\t\t\t\t\t\t<div class=\"elementor-spacer\">\n\t\t\t<div class=\"elementor-spacer-inner\"><\/div>\n\t\t<\/div>\n\t\t\t\t\t\t<\/div>\n\t\t\t\t<\/div>\n\t\t\t\t<div class=\"elementor-element elementor-element-5492080 elementor-widget elementor-widget-creote-title-v1\" data-id=\"5492080\" data-element_type=\"widget\" data-widget_type=\"creote-title-v1.default\">\n\t\t\t\t<div class=\"elementor-widget-container\">\n\t\t\t\t\t<div class=\"title_all_box style_three dark_color\">\r\n            <!-- Title style three -->\r\n        <div class=\"title_sections three center\">\r\n                            <div class=\"before_title\">\r\n                    PU espuma 2-C para montaje                <\/div>\r\n                                        <div class=\"title\">\r\n                    Espuma de montaje PU de dos componentes\n                <\/div>\r\n                                        <p>Las espumas de poliuretano monocomponente est\u00e1n especialmente indicadas para uso dom\u00e9stico y como hobby. Se denominan con las letras \"HH\" del ingl\u00e9s \"hand held\". La aplicaci\u00f3n se realiza mediante un tubo de pl\u00e1stico desechable que se enrosca en la v\u00e1lvula del envase de espuma de PU.El tubo se incluye en el paquete de espumas tubulares. <\/p>\r\n                    <\/div>\r\n        <!-- End of title style three -->\r\n\r\n    <\/div>\r\n\t\t\t\t<\/div>\n\t\t\t\t<\/div>\n\t\t\t\t\t<\/div>\n\t\t<\/div>\n\t\t\t\t\t<\/div>\n\t\t<\/section>\n\t\t\t\t<section class=\"elementor-section elementor-top-section elementor-element elementor-element-10b9ab8 elementor-section-boxed elementor-section-height-default elementor-section-height-default\" data-id=\"10b9ab8\" data-element_type=\"section\">\n\t\t\t\t\t\t<div class=\"elementor-container elementor-column-gap-default\">\n\t\t\t\t\t<div class=\"elementor-column elementor-col-100 elementor-top-column elementor-element elementor-element-da8d129\" data-id=\"da8d129\" data-element_type=\"column\">\n\t\t\t<div class=\"elementor-widget-wrap elementor-element-populated\">\n\t\t\t\t\t\t<div class=\"elementor-element elementor-element-b3534af elementor-widget elementor-widget-spacer\" data-id=\"b3534af\" data-element_type=\"widget\" data-widget_type=\"spacer.default\">\n\t\t\t\t<div class=\"elementor-widget-container\">\n\t\t\t\t\t\t\t<div class=\"elementor-spacer\">\n\t\t\t<div class=\"elementor-spacer-inner\"><\/div>\n\t\t<\/div>\n\t\t\t\t\t\t<\/div>\n\t\t\t\t<\/div>\n\t\t\t\t\t<\/div>\n\t\t<\/div>\n\t\t\t\t\t<\/div>\n\t\t<\/section>\n\t\t\t\t<section class=\"elementor-section elementor-top-section elementor-element elementor-element-8db9641 elementor-section-boxed elementor-section-height-default elementor-section-height-default\" data-id=\"8db9641\" data-element_type=\"section\" data-settings=\"{&quot;background_background&quot;:&quot;classic&quot;}\">\n\t\t\t\t\t\t<div class=\"elementor-container elementor-column-gap-default\">\n\t\t\t\t\t<div class=\"elementor-column elementor-col-33 elementor-top-column elementor-element elementor-element-7fb2f38\" data-id=\"7fb2f38\" data-element_type=\"column\">\n\t\t\t<div class=\"elementor-widget-wrap elementor-element-populated\">\n\t\t\t\t\t\t<div class=\"elementor-element elementor-element-e741362 elementor-widget elementor-widget-creote-title-v1\" data-id=\"e741362\" data-element_type=\"widget\" data-widget_type=\"creote-title-v1.default\">\n\t\t\t\t<div class=\"elementor-widget-container\">\n\t\t\t\t\t<div class=\"title_all_box style_three dark_color\">\r\n            <!-- Title style three -->\r\n        <div class=\"title_sections three left\">\r\n                            <div class=\"before_title\">\r\n                    PU espuma                <\/div>\r\n                                        <div class=\"title\">\r\n                    Est\u00e1ndar B2                <\/div>\r\n                                        <p>Espuma de poliuretano profesional de dos componentes de alta resiliencia. Endurece durante 30 minutos tras la aplicaci\u00f3n en toda su extensi\u00f3n incluso sin acceso del aire. Es un adhesivo extra fuerte para distintos tipos de superficies de construcci\u00f3n. Gracias a su composici\u00f3n, ofrece caracter\u00edsticas de combustibilidad reducida y corresponde a las normas \u010cSN EN 13501-1 (DIN 4102). Despu\u00e9s de curar su volumen es estable - no aumenta o disminuye. El producto se usa para el montaje r\u00e1pido de marcos de ventanas y puertas, relleno de cavidades y formaci\u00f3n de barreras de aislamiento t\u00e9rmico y ac\u00fastico.<\/p>\r\n                    <\/div>\r\n        <!-- End of title style three -->\r\n\r\n    <\/div>\r\n\t\t\t\t<\/div>\n\t\t\t\t<\/div>\n\t\t\t\t<div class=\"elementor-element elementor-element-828c800 elementor-widget elementor-widget-creote-extra-content-v1\" data-id=\"828c800\" data-element_type=\"widget\" data-widget_type=\"creote-extra-content-v1.default\">\n\t\t\t\t<div class=\"elementor-widget-container\">\n\t\t\t\t\t<div class=\"extra_content download_docs dark_color\"  data-aos=\"fade-up\" data-aos-delay=\"100\" data-aos-offset=\"0\" >  <div class=\"download_box_content\">  <a href=\"https:\/\/www.aerosol.cz\/wp-content\/uploads\/2023\/05\/tl-64-en-pu-foam-2k-hand-held-b2-1-2-17-spb2-h8-2k.pdf\" download> Ficha t\u00e9cnica - est\u00e1ndar B2 <i class=\"icon-download-symbol\"><\/i> <\/a>  <\/div> <\/div>\r\n\t\t\t\t<\/div>\n\t\t\t\t<\/div>\n\t\t\t\t<div class=\"elementor-element elementor-element-8313eb8 elementor-widget elementor-widget-spacer\" data-id=\"8313eb8\" data-element_type=\"widget\" data-widget_type=\"spacer.default\">\n\t\t\t\t<div class=\"elementor-widget-container\">\n\t\t\t\t\t\t\t<div class=\"elementor-spacer\">\n\t\t\t<div class=\"elementor-spacer-inner\"><\/div>\n\t\t<\/div>\n\t\t\t\t\t\t<\/div>\n\t\t\t\t<\/div>\n\t\t\t\t\t<\/div>\n\t\t<\/div>\n\t\t\t\t<div class=\"elementor-column elementor-col-33 elementor-top-column elementor-element elementor-element-70826d2\" data-id=\"70826d2\" data-element_type=\"column\">\n\t\t\t<div class=\"elementor-widget-wrap\">\n\t\t\t\t\t\t\t<\/div>\n\t\t<\/div>\n\t\t\t\t<div class=\"elementor-column elementor-col-33 elementor-top-column elementor-element elementor-element-a8eb1eb\" data-id=\"a8eb1eb\" data-element_type=\"column\">\n\t\t\t<div class=\"elementor-widget-wrap elementor-element-populated\">\n\t\t\t\t\t\t<div class=\"elementor-element elementor-element-b941e4c elementor-widget elementor-widget-creote-title-v1\" data-id=\"b941e4c\" data-element_type=\"widget\" data-widget_type=\"creote-title-v1.default\">\n\t\t\t\t<div class=\"elementor-widget-container\">\n\t\t\t\t\t<div class=\"title_all_box style_three dark_color\">\r\n            <!-- Title style three -->\r\n        <div class=\"title_sections three left\">\r\n                            <div class=\"before_title\">\r\n                    PU espuma                <\/div>\r\n                                        <div class=\"title\">\r\n                    Est\u00e1ndar B3                <\/div>\r\n                                        <p>Espuma de poliuretano profesional de dos componentes de alta resiliencia, de endurecimiento r\u00e1pido incluso sin acceso de la humedad de aire, con adhesi\u00f3n muy fuerte. La espuma se puede tallar con una cuchilla 30 minutos despu\u00e9s de la aplicaci\u00f3n, cuando haya curado en toda su extensi\u00f3n. La espuma se caracteriza por sus sobresalientes propiedades de adhesi\u00f3n y resiliencia para la uni\u00f3n de materiales. Se usa para el montaje r\u00e1pido de marcos de ventanas y puertas y relleno de aberturas.<\/p>\r\n                    <\/div>\r\n        <!-- End of title style three -->\r\n\r\n    <\/div>\r\n\t\t\t\t<\/div>\n\t\t\t\t<\/div>\n\t\t\t\t<div class=\"elementor-element elementor-element-96988f0 elementor-widget elementor-widget-creote-extra-content-v1\" data-id=\"96988f0\" data-element_type=\"widget\" data-widget_type=\"creote-extra-content-v1.default\">\n\t\t\t\t<div class=\"elementor-widget-container\">\n\t\t\t\t\t<div class=\"extra_content download_docs dark_color\"  data-aos=\"fade-up\" data-aos-delay=\"100\" data-aos-offset=\"0\" >  <div class=\"download_box_content\">  <a href=\"https:\/\/www.aerosol.cz\/wp-content\/uploads\/2023\/05\/tl-52-en-pu-foam-2k-hand-held-b3-1-2-17-xxxxxxxxxxx.pdf\" download> Ficha t\u00e9cnica - est\u00e1ndar B3 <i class=\"icon-download-symbol\"><\/i> <\/a>  <\/div> <\/div>\r\n\t\t\t\t<\/div>\n\t\t\t\t<\/div>\n\t\t\t\t<div class=\"elementor-element elementor-element-1e12f7a elementor-widget elementor-widget-spacer\" data-id=\"1e12f7a\" data-element_type=\"widget\" data-widget_type=\"spacer.default\">\n\t\t\t\t<div class=\"elementor-widget-container\">\n\t\t\t\t\t\t\t<div class=\"elementor-spacer\">\n\t\t\t<div class=\"elementor-spacer-inner\"><\/div>\n\t\t<\/div>\n\t\t\t\t\t\t<\/div>\n\t\t\t\t<\/div>\n\t\t\t\t\t<\/div>\n\t\t<\/div>\n\t\t\t\t\t<\/div>\n\t\t<\/section>\n\t\t\t\t<\/div>\n\t\t","protected":false},"excerpt":{"rendered":"<p>PU espuma 2-C para montaje Espuma de montaje PU de dos componentes Las espumas de poliuretano monocomponente est\u00e1n especialmente indicadas para uso dom\u00e9stico y como hobby. Se denominan con las letras &#8220;HH&#8221; del ingl\u00e9s &#8220;hand held&#8221;. La aplicaci\u00f3n se realiza mediante un tubo de pl\u00e1stico desechable que se enrosca en la v\u00e1lvula del envase de [&hellip;]<\/p>\n","protected":false},"author":1,"featured_media":0,"parent":8862,"menu_order":0,"comment_status":"closed","ping_status":"closed","template":"template-fullwidth.php","meta":{"footnotes":""},"class_list":["post-8854","page","type-page","status-publish","hentry"],"_links":{"self":[{"href":"https:\/\/www.aerosol.cz\/es\/wp-json\/wp\/v2\/pages\/8854","targetHints":{"allow":["GET"]}}],"collection":[{"href":"https:\/\/www.aerosol.cz\/es\/wp-json\/wp\/v2\/pages"}],"about":[{"href":"https:\/\/www.aerosol.cz\/es\/wp-json\/wp\/v2\/types\/page"}],"author":[{"embeddable":true,"href":"https:\/\/www.aerosol.cz\/es\/wp-json\/wp\/v2\/users\/1"}],"replies":[{"embeddable":true,"href":"https:\/\/www.aerosol.cz\/es\/wp-json\/wp\/v2\/comments?post=8854"}],"version-history":[{"count":9,"href":"https:\/\/www.aerosol.cz\/es\/wp-json\/wp\/v2\/pages\/8854\/revisions"}],"predecessor-version":[{"id":9636,"href":"https:\/\/www.aerosol.cz\/es\/wp-json\/wp\/v2\/pages\/8854\/revisions\/9636"}],"up":[{"embeddable":true,"href":"https:\/\/www.aerosol.cz\/es\/wp-json\/wp\/v2\/pages\/8862"}],"wp:attachment":[{"href":"https:\/\/www.aerosol.cz\/es\/wp-json\/wp\/v2\/media?parent=8854"}],"curies":[{"name":"wp","href":"https:\/\/api.w.org\/{rel}","templated":true}]}}