{"id":8856,"date":"2023-04-27T05:02:08","date_gmt":"2023-04-27T05:02:08","guid":{"rendered":"https:\/\/www.aerosol.cz\/lepici-peny\/"},"modified":"2023-05-16T15:10:29","modified_gmt":"2023-05-16T15:10:29","slug":"espumas-adhesivas","status":"publish","type":"page","link":"https:\/\/www.aerosol.cz\/es\/productos\/espumas-de-poliuretano\/espumas-adhesivas\/","title":{"rendered":"Espumas adhesivas"},"content":{"rendered":"\t\t<div data-elementor-type=\"wp-page\" data-elementor-id=\"8856\" class=\"elementor elementor-8856 elementor-6997\" data-elementor-post-type=\"page\">\n\t\t\t\t\t\t<section class=\"elementor-section elementor-top-section elementor-element elementor-element-216daad elementor-section-boxed elementor-section-height-default elementor-section-height-default\" data-id=\"216daad\" data-element_type=\"section\">\n\t\t\t\t\t\t<div class=\"elementor-container elementor-column-gap-default\">\n\t\t\t\t\t<div class=\"elementor-column elementor-col-100 elementor-top-column elementor-element elementor-element-63743d4\" data-id=\"63743d4\" data-element_type=\"column\">\n\t\t\t<div class=\"elementor-widget-wrap elementor-element-populated\">\n\t\t\t\t\t\t<div class=\"elementor-element elementor-element-347b247 elementor-widget elementor-widget-spacer\" data-id=\"347b247\" data-element_type=\"widget\" data-widget_type=\"spacer.default\">\n\t\t\t\t<div class=\"elementor-widget-container\">\n\t\t\t\t\t\t\t<div class=\"elementor-spacer\">\n\t\t\t<div class=\"elementor-spacer-inner\"><\/div>\n\t\t<\/div>\n\t\t\t\t\t\t<\/div>\n\t\t\t\t<\/div>\n\t\t\t\t<div class=\"elementor-element elementor-element-83c7b58 elementor-widget elementor-widget-creote-title-v1\" data-id=\"83c7b58\" data-element_type=\"widget\" data-widget_type=\"creote-title-v1.default\">\n\t\t\t\t<div class=\"elementor-widget-container\">\n\t\t\t\t\t<div class=\"title_all_box style_three dark_color\">\r\n            <!-- Title style three -->\r\n        <div class=\"title_sections three center\">\r\n                            <div class=\"before_title\">\r\n                    Espuma PU adhesiva                <\/div>\r\n                                        <div class=\"title\">\r\n                    Espumas adhesivas                <\/div>\r\n                                <\/div>\r\n        <!-- End of title style three -->\r\n\r\n    <\/div>\r\n\t\t\t\t<\/div>\n\t\t\t\t<\/div>\n\t\t\t\t\t<\/div>\n\t\t<\/div>\n\t\t\t\t\t<\/div>\n\t\t<\/section>\n\t\t\t\t<section class=\"elementor-section elementor-top-section elementor-element elementor-element-4a1eff5 elementor-section-boxed elementor-section-height-default elementor-section-height-default\" data-id=\"4a1eff5\" data-element_type=\"section\">\n\t\t\t\t\t\t<div class=\"elementor-container elementor-column-gap-default\">\n\t\t\t\t\t<div class=\"elementor-column elementor-col-33 elementor-top-column elementor-element elementor-element-4498ff1\" data-id=\"4498ff1\" data-element_type=\"column\">\n\t\t\t<div class=\"elementor-widget-wrap elementor-element-populated\">\n\t\t\t\t\t\t<div class=\"elementor-element elementor-element-a519c4e elementor-widget elementor-widget-creote-themebtns-v1\" data-id=\"a519c4e\" data-element_type=\"widget\" data-widget_type=\"creote-themebtns-v1.default\">\n\t\t\t\t<div class=\"elementor-widget-container\">\n\t\t\t\t\t<div class=\"theme_btn_all color_one\">  <a href=\"#lepidlo-cihly\"  target=&quot;_blank&quot;  rel=&quot;nofollow&quot; class=\"theme-btn one\"> Espuma adhesiva para ladrillos B3 <\/a> <\/div>\r\n\t\t\t\t<\/div>\n\t\t\t\t<\/div>\n\t\t\t\t\t<\/div>\n\t\t<\/div>\n\t\t\t\t<div class=\"elementor-column elementor-col-33 elementor-top-column elementor-element elementor-element-96c958e\" data-id=\"96c958e\" data-element_type=\"column\">\n\t\t\t<div class=\"elementor-widget-wrap elementor-element-populated\">\n\t\t\t\t\t\t<div class=\"elementor-element elementor-element-940a63e elementor-widget elementor-widget-creote-themebtns-v1\" data-id=\"940a63e\" data-element_type=\"widget\" data-widget_type=\"creote-themebtns-v1.default\">\n\t\t\t\t<div class=\"elementor-widget-container\">\n\t\t\t\t\t<div class=\"theme_btn_all color_one\">  <a href=\"#lepidlo-cihly\"  target=&quot;_blank&quot;  rel=&quot;nofollow&quot; class=\"theme-btn one\"> Espuma adhesiva para poliestireno B3 <\/a> <\/div>\r\n\t\t\t\t<\/div>\n\t\t\t\t<\/div>\n\t\t\t\t\t<\/div>\n\t\t<\/div>\n\t\t\t\t<div class=\"elementor-column elementor-col-33 elementor-top-column elementor-element elementor-element-1b3c167\" data-id=\"1b3c167\" data-element_type=\"column\">\n\t\t\t<div class=\"elementor-widget-wrap elementor-element-populated\">\n\t\t\t\t\t\t<div class=\"elementor-element elementor-element-3124a06 elementor-widget elementor-widget-creote-themebtns-v1\" data-id=\"3124a06\" data-element_type=\"widget\" data-widget_type=\"creote-themebtns-v1.default\">\n\t\t\t\t<div class=\"elementor-widget-container\">\n\t\t\t\t\t<div class=\"theme_btn_all color_one\">  <a href=\"#lepidlo-tasky\"  target=&quot;_blank&quot;  rel=&quot;nofollow&quot; class=\"theme-btn one\"> Espuma adhesiva para tejas B3 <\/a> <\/div>\r\n\t\t\t\t<\/div>\n\t\t\t\t<\/div>\n\t\t\t\t\t<\/div>\n\t\t<\/div>\n\t\t\t\t\t<\/div>\n\t\t<\/section>\n\t\t\t\t<section class=\"elementor-section elementor-top-section elementor-element elementor-element-9864afc elementor-section-boxed elementor-section-height-default elementor-section-height-default\" data-id=\"9864afc\" data-element_type=\"section\">\n\t\t\t\t\t\t<div class=\"elementor-container elementor-column-gap-default\">\n\t\t\t\t\t<div class=\"elementor-column elementor-col-100 elementor-top-column elementor-element elementor-element-cae00c5\" data-id=\"cae00c5\" data-element_type=\"column\">\n\t\t\t<div class=\"elementor-widget-wrap elementor-element-populated\">\n\t\t\t\t\t\t<div class=\"elementor-element elementor-element-b1dfc3c elementor-widget elementor-widget-spacer\" data-id=\"b1dfc3c\" data-element_type=\"widget\" data-widget_type=\"spacer.default\">\n\t\t\t\t<div class=\"elementor-widget-container\">\n\t\t\t\t\t\t\t<div class=\"elementor-spacer\">\n\t\t\t<div class=\"elementor-spacer-inner\"><\/div>\n\t\t<\/div>\n\t\t\t\t\t\t<\/div>\n\t\t\t\t<\/div>\n\t\t\t\t\t<\/div>\n\t\t<\/div>\n\t\t\t\t\t<\/div>\n\t\t<\/section>\n\t\t\t\t<section class=\"elementor-section elementor-top-section elementor-element elementor-element-2773322 elementor-section-boxed elementor-section-height-default elementor-section-height-default\" data-id=\"2773322\" data-element_type=\"section\" id=\"lepidlo-cihly\" data-settings=\"{&quot;background_background&quot;:&quot;classic&quot;}\">\n\t\t\t\t\t\t<div class=\"elementor-container elementor-column-gap-default\">\n\t\t\t\t\t<div class=\"elementor-column elementor-col-33 elementor-top-column elementor-element elementor-element-dae27cf\" data-id=\"dae27cf\" data-element_type=\"column\">\n\t\t\t<div class=\"elementor-widget-wrap elementor-element-populated\">\n\t\t\t\t\t\t<div class=\"elementor-element elementor-element-091041e elementor-widget elementor-widget-creote-title-v1\" data-id=\"091041e\" data-element_type=\"widget\" data-widget_type=\"creote-title-v1.default\">\n\t\t\t\t<div class=\"elementor-widget-container\">\n\t\t\t\t\t<div class=\"title_all_box style_three dark_color\">\r\n            <!-- Title style three -->\r\n        <div class=\"title_sections three left\">\r\n                            <div class=\"before_title\">\r\n                    Espuma PU                <\/div>\r\n                                        <div class=\"title\">\r\n                    Espuma adhesiva para ladrillos B3                <\/div>\r\n                                        <p>Adhesivo de alta calidad a base de poliuretano modificado para unir materiales de alba\u00f1iler\u00eda. Tiene alto rendimiento y baja expansi\u00f3n posterior. Se usa para montar muros estructurales y tabiques de diferentes elementos de mamposter\u00eda.<\/p>\r\n                    <\/div>\r\n        <!-- End of title style three -->\r\n\r\n    <\/div>\r\n\t\t\t\t<\/div>\n\t\t\t\t<\/div>\n\t\t\t\t<div class=\"elementor-element elementor-element-5af018d elementor-widget elementor-widget-creote-extra-content-v1\" data-id=\"5af018d\" data-element_type=\"widget\" data-widget_type=\"creote-extra-content-v1.default\">\n\t\t\t\t<div class=\"elementor-widget-container\">\n\t\t\t\t\t<div class=\"extra_content download_docs dark_color\"  data-aos=\"fade-up\" data-aos-delay=\"100\" data-aos-offset=\"0\" >  <div class=\"download_box_content\">  <a href=\"https:\/\/www.aerosol.cz\/wp-content\/uploads\/2023\/05\/tl-36-en-pu-masonry-walling-units-adhesive-gun-grade-b3-24-1-17-spb3-g21.pdf\" download> Ficha t\u00e9cnica - PU Espuma adhesiva para ladrillos B3GG <i class=\"icon-download-symbol\"><\/i> <\/a>  <\/div> <\/div>\r\n\t\t\t\t<\/div>\n\t\t\t\t<\/div>\n\t\t\t\t<div class=\"elementor-element elementor-element-8141e3f elementor-widget elementor-widget-spacer\" data-id=\"8141e3f\" data-element_type=\"widget\" data-widget_type=\"spacer.default\">\n\t\t\t\t<div class=\"elementor-widget-container\">\n\t\t\t\t\t\t\t<div class=\"elementor-spacer\">\n\t\t\t<div class=\"elementor-spacer-inner\"><\/div>\n\t\t<\/div>\n\t\t\t\t\t\t<\/div>\n\t\t\t\t<\/div>\n\t\t\t\t\t<\/div>\n\t\t<\/div>\n\t\t\t\t<div class=\"elementor-column elementor-col-33 elementor-top-column elementor-element elementor-element-8ad03ef\" data-id=\"8ad03ef\" data-element_type=\"column\">\n\t\t\t<div class=\"elementor-widget-wrap\">\n\t\t\t\t\t\t\t<\/div>\n\t\t<\/div>\n\t\t\t\t<div class=\"elementor-column elementor-col-33 elementor-top-column elementor-element elementor-element-3224b47\" data-id=\"3224b47\" data-element_type=\"column\">\n\t\t\t<div class=\"elementor-widget-wrap elementor-element-populated\">\n\t\t\t\t\t\t<div class=\"elementor-element elementor-element-7ccdbf8 elementor-widget elementor-widget-creote-title-v1\" data-id=\"7ccdbf8\" data-element_type=\"widget\" data-widget_type=\"creote-title-v1.default\">\n\t\t\t\t<div class=\"elementor-widget-container\">\n\t\t\t\t\t<div class=\"title_all_box style_three dark_color\">\r\n            <!-- Title style three -->\r\n        <div class=\"title_sections three left\">\r\n                            <div class=\"before_title\">\r\n                    Espuma PU                <\/div>\r\n                                        <div class=\"title\">\r\n                    Espuma adhesiva para poliestireno B3                <\/div>\r\n                                        <p>Adhesivo estable a base de poliuretano modificado desarrollado para pegar paneles de poliestireno a diversos tipos de superficie. Se caracteriza por su fuerte adhesi\u00f3n y m\u00ednima expansi\u00f3n posterior.<\/p>\r\n                    <\/div>\r\n        <!-- End of title style three -->\r\n\r\n    <\/div>\r\n\t\t\t\t<\/div>\n\t\t\t\t<\/div>\n\t\t\t\t<div class=\"elementor-element elementor-element-4b9ae8f elementor-widget elementor-widget-spacer\" data-id=\"4b9ae8f\" data-element_type=\"widget\" data-widget_type=\"spacer.default\">\n\t\t\t\t<div class=\"elementor-widget-container\">\n\t\t\t\t\t\t\t<div class=\"elementor-spacer\">\n\t\t\t<div class=\"elementor-spacer-inner\"><\/div>\n\t\t<\/div>\n\t\t\t\t\t\t<\/div>\n\t\t\t\t<\/div>\n\t\t\t\t<div class=\"elementor-element elementor-element-1e44b57 elementor-widget elementor-widget-creote-extra-content-v1\" data-id=\"1e44b57\" data-element_type=\"widget\" data-widget_type=\"creote-extra-content-v1.default\">\n\t\t\t\t<div class=\"elementor-widget-container\">\n\t\t\t\t\t<div class=\"extra_content download_docs dark_color\"  data-aos=\"fade-up\" data-aos-delay=\"100\" data-aos-offset=\"0\" >  <div class=\"download_box_content\">  <a href=\"https:\/\/www.aerosol.cz\/wp-content\/uploads\/2023\/05\/tl-45-en-pu-xps-eps-adhesive-as2302-gun-grade-b3-31-1-17-sp6-le.pdf\" download> Ficha t\u00e9cnica - Espuma adhesiva para poliestireno B3GG <i class=\"icon-download-symbol\"><\/i> <\/a>  <\/div> <\/div>\r\n\t\t\t\t<\/div>\n\t\t\t\t<\/div>\n\t\t\t\t\t<\/div>\n\t\t<\/div>\n\t\t\t\t\t<\/div>\n\t\t<\/section>\n\t\t\t\t<section class=\"elementor-section elementor-top-section elementor-element elementor-element-d035334 elementor-section-boxed elementor-section-height-default elementor-section-height-default\" data-id=\"d035334\" data-element_type=\"section\" id=\"lepidlo-tasky\">\n\t\t\t\t\t\t<div class=\"elementor-container elementor-column-gap-default\">\n\t\t\t\t\t<div class=\"elementor-column elementor-col-100 elementor-top-column elementor-element elementor-element-72b15c1\" data-id=\"72b15c1\" data-element_type=\"column\">\n\t\t\t<div class=\"elementor-widget-wrap elementor-element-populated\">\n\t\t\t\t\t\t<div class=\"elementor-element elementor-element-20b7430 elementor-widget elementor-widget-creote-title-v1\" data-id=\"20b7430\" data-element_type=\"widget\" data-widget_type=\"creote-title-v1.default\">\n\t\t\t\t<div class=\"elementor-widget-container\">\n\t\t\t\t\t<div class=\"title_all_box style_three dark_color\">\r\n            <!-- Title style three -->\r\n        <div class=\"title_sections three left\">\r\n                            <div class=\"before_title\">\r\n                    Espuma PU                <\/div>\r\n                                        <div class=\"title\">\r\n                    Espuma adhesiva para tejas B3                <\/div>\r\n                                        <p>Adhesivo excelente con expansi\u00f3n posterior extremadamente baja. Es dise\u00f1ado especialmente para la instalaci\u00f3n de tejas y reparaciones de todos los tipos de cubiertas de techo. Gracias a sus cualidades se puede usar para pegar tejas de distintos materiales (cer\u00e1mica, hormig\u00f3n,\u2026) y, adem\u00e1s, para otros materiales de construcci\u00f3n usados por techadores (metal, ripia, asfalto, madera).<\/p>\r\n                    <\/div>\r\n        <!-- End of title style three -->\r\n\r\n    <\/div>\r\n\t\t\t\t<\/div>\n\t\t\t\t<\/div>\n\t\t\t\t<div class=\"elementor-element elementor-element-2358ece elementor-widget elementor-widget-creote-extra-content-v1\" data-id=\"2358ece\" data-element_type=\"widget\" data-widget_type=\"creote-extra-content-v1.default\">\n\t\t\t\t<div class=\"elementor-widget-container\">\n\t\t\t\t\t<div class=\"extra_content download_docs dark_color\"  data-aos=\"fade-up\" data-aos-delay=\"100\" data-aos-offset=\"0\" >  <div class=\"download_box_content\">  <a href=\"https:\/\/www.aerosol.cz\/wp-content\/uploads\/2023\/05\/tl-51-en-pu-roof-tiles-adhesive-gun-grade-b3-31-1-17-spb3-g21.pdf\" download> Ficha t\u00e9cnica - PU Espuma adhesiva para tejas B3 GG <i class=\"icon-download-symbol\"><\/i> <\/a>  <\/div> <\/div>\r\n\t\t\t\t<\/div>\n\t\t\t\t<\/div>\n\t\t\t\t<div class=\"elementor-element elementor-element-0076d20 elementor-widget elementor-widget-spacer\" data-id=\"0076d20\" data-element_type=\"widget\" data-widget_type=\"spacer.default\">\n\t\t\t\t<div class=\"elementor-widget-container\">\n\t\t\t\t\t\t\t<div class=\"elementor-spacer\">\n\t\t\t<div class=\"elementor-spacer-inner\"><\/div>\n\t\t<\/div>\n\t\t\t\t\t\t<\/div>\n\t\t\t\t<\/div>\n\t\t\t\t\t<\/div>\n\t\t<\/div>\n\t\t\t\t\t<\/div>\n\t\t<\/section>\n\t\t\t\t<\/div>\n\t\t","protected":false},"excerpt":{"rendered":"<p>Espuma PU adhesiva Espumas adhesivas Espuma adhesiva para ladrillos B3 Espuma adhesiva para poliestireno B3 Espuma adhesiva para tejas B3 Espuma PU Espuma adhesiva para ladrillos B3 Adhesivo de alta calidad a base de poliuretano modificado para unir materiales de alba\u00f1iler\u00eda. Tiene alto rendimiento y baja expansi\u00f3n posterior. Se usa para montar muros estructurales y [&hellip;]<\/p>\n","protected":false},"author":1,"featured_media":0,"parent":8862,"menu_order":0,"comment_status":"closed","ping_status":"closed","template":"template-fullwidth.php","meta":{"footnotes":""},"class_list":["post-8856","page","type-page","status-publish","hentry"],"_links":{"self":[{"href":"https:\/\/www.aerosol.cz\/es\/wp-json\/wp\/v2\/pages\/8856","targetHints":{"allow":["GET"]}}],"collection":[{"href":"https:\/\/www.aerosol.cz\/es\/wp-json\/wp\/v2\/pages"}],"about":[{"href":"https:\/\/www.aerosol.cz\/es\/wp-json\/wp\/v2\/types\/page"}],"author":[{"embeddable":true,"href":"https:\/\/www.aerosol.cz\/es\/wp-json\/wp\/v2\/users\/1"}],"replies":[{"embeddable":true,"href":"https:\/\/www.aerosol.cz\/es\/wp-json\/wp\/v2\/comments?post=8856"}],"version-history":[{"count":7,"href":"https:\/\/www.aerosol.cz\/es\/wp-json\/wp\/v2\/pages\/8856\/revisions"}],"predecessor-version":[{"id":9720,"href":"https:\/\/www.aerosol.cz\/es\/wp-json\/wp\/v2\/pages\/8856\/revisions\/9720"}],"up":[{"embeddable":true,"href":"https:\/\/www.aerosol.cz\/es\/wp-json\/wp\/v2\/pages\/8862"}],"wp:attachment":[{"href":"https:\/\/www.aerosol.cz\/es\/wp-json\/wp\/v2\/media?parent=8856"}],"curies":[{"name":"wp","href":"https:\/\/api.w.org\/{rel}","templated":true}]}}