{"id":8862,"date":"2023-04-26T14:38:00","date_gmt":"2023-04-26T14:38:00","guid":{"rendered":"https:\/\/www.aerosol.cz\/pu-peny\/"},"modified":"2023-05-16T15:07:01","modified_gmt":"2023-05-16T15:07:01","slug":"espumas-de-poliuretano","status":"publish","type":"page","link":"https:\/\/www.aerosol.cz\/es\/productos\/espumas-de-poliuretano\/","title":{"rendered":"Espumas de poliuretano"},"content":{"rendered":"\t\t<div data-elementor-type=\"wp-page\" data-elementor-id=\"8862\" class=\"elementor elementor-8862 elementor-6855\" data-elementor-post-type=\"page\">\n\t\t\t\t\t\t<section class=\"elementor-section elementor-top-section elementor-element elementor-element-ba8cf97 elementor-section-boxed elementor-section-height-default elementor-section-height-default\" data-id=\"ba8cf97\" data-element_type=\"section\" data-settings=\"{&quot;background_background&quot;:&quot;classic&quot;}\">\n\t\t\t\t\t\t<div class=\"elementor-container elementor-column-gap-default\">\n\t\t\t\t\t<div class=\"elementor-column elementor-col-100 elementor-top-column elementor-element elementor-element-6f97a35\" data-id=\"6f97a35\" data-element_type=\"column\">\n\t\t\t<div class=\"elementor-widget-wrap elementor-element-populated\">\n\t\t\t\t\t\t<div class=\"elementor-element elementor-element-4a815f0 elementor-widget elementor-widget-creote-title-v1\" data-id=\"4a815f0\" data-element_type=\"widget\" data-widget_type=\"creote-title-v1.default\">\n\t\t\t\t<div class=\"elementor-widget-container\">\n\t\t\t\t\t<div class=\"title_all_box style_three dark_color\">\r\n            <!-- Title style three -->\r\n        <div class=\"title_sections three center\">\r\n                            <div class=\"before_title\">\r\n                    Tipos de espumas                <\/div>\r\n                                        <div class=\"title\">\r\n                    Espumas de poliuretano                <\/div>\r\n                                        <p>Ofrecemos una amplia gama de espumas de poliuretano. Elija entre nuestra gama.<\/p>\r\n                    <\/div>\r\n        <!-- End of title style three -->\r\n\r\n    <\/div>\r\n\t\t\t\t<\/div>\n\t\t\t\t<\/div>\n\t\t\t\t\t<\/div>\n\t\t<\/div>\n\t\t\t\t\t<\/div>\n\t\t<\/section>\n\t\t\t\t<section class=\"elementor-section elementor-top-section elementor-element elementor-element-aa24348 elementor-section-boxed elementor-section-height-default elementor-section-height-default\" data-id=\"aa24348\" data-element_type=\"section\" data-settings=\"{&quot;background_background&quot;:&quot;classic&quot;}\">\n\t\t\t\t\t\t<div class=\"elementor-container elementor-column-gap-default\">\n\t\t\t\t\t<div class=\"elementor-column elementor-col-25 elementor-top-column elementor-element elementor-element-97fa345\" data-id=\"97fa345\" data-element_type=\"column\">\n\t\t\t<div class=\"elementor-widget-wrap\">\n\t\t\t\t\t\t\t<\/div>\n\t\t<\/div>\n\t\t\t\t<div class=\"elementor-column elementor-col-25 elementor-top-column elementor-element elementor-element-8dec5a9\" data-id=\"8dec5a9\" data-element_type=\"column\">\n\t\t\t<div class=\"elementor-widget-wrap elementor-element-populated\">\n\t\t\t\t\t\t<div class=\"elementor-element elementor-element-e976fa8 elementor-widget__width-initial elementor-widget elementor-widget-creote-iconbox-v1\" data-id=\"e976fa8\" data-element_type=\"widget\" data-widget_type=\"creote-iconbox-v1.default\">\n\t\t\t\t<div class=\"elementor-widget-container\">\n\t\t\t\t\t<div class=\"icon_box_all style_five\" \r\n     \r\n        data-aos=\"fade-up\" data-aos-delay=\"0\" data-aos-offset=\"0\" \r\n    >\r\n\r\n            <div class=\"icon_content\">\r\n                            <div class=\"icon\">\r\n                    <span class=\"fa fa-angle-double-right\"><\/span>\r\n                <\/div>\r\n                                        <small>01<\/small>\r\n                        <div class=\"text_box\">\r\n                                  <h2 class=\"icontitle\">\r\n                        1-C Para montaje                        <\/h2>\r\n                                            <\/div>\r\n            <div class=\"hover_content\">\r\n                <div class=\"content\">\r\n                    <div class=\"inner\">\r\n                                                                            <a href=\"https:\/\/www.aerosol.cz\/es\/productos\/espumas-de-poliuretano\/espuma-de-poliuretano-de-un-componente-ocf\/\" class=\"read_more\"  target=&quot;_blank&quot;  rel=&quot;nofollow&quot;>\r\n                                M\u00c1S INFORMACI\u00d3N \r\n                                <span class=\"icon-right-arrow-long\"><\/span>\r\n                            <\/a>\r\n                                            <\/div>\r\n                <\/div>\r\n            <\/div>\r\n        <\/div>\r\n\r\n    <\/div>\r\n\t\t\t\t<\/div>\n\t\t\t\t<\/div>\n\t\t\t\t\t<\/div>\n\t\t<\/div>\n\t\t\t\t<div class=\"elementor-column elementor-col-25 elementor-top-column elementor-element elementor-element-2c0a0f2\" data-id=\"2c0a0f2\" data-element_type=\"column\">\n\t\t\t<div class=\"elementor-widget-wrap elementor-element-populated\">\n\t\t\t\t\t\t<div class=\"elementor-element elementor-element-6ae4762 elementor-widget elementor-widget-creote-iconbox-v1\" data-id=\"6ae4762\" data-element_type=\"widget\" data-widget_type=\"creote-iconbox-v1.default\">\n\t\t\t\t<div class=\"elementor-widget-container\">\n\t\t\t\t\t<div class=\"icon_box_all style_five\" \r\n     \r\n        data-aos=\"fade-up\" data-aos-delay=\"0\" data-aos-offset=\"0\" \r\n    >\r\n\r\n            <div class=\"icon_content\">\r\n                            <div class=\"icon\">\r\n                    <span class=\"fa fa-angle-double-right\"><\/span>\r\n                <\/div>\r\n                                        <small>02<\/small>\r\n                        <div class=\"text_box\">\r\n                                  <h2 class=\"icontitle\">\r\n                        1-C Tipo pistola\n                        <\/h2>\r\n                                            <\/div>\r\n            <div class=\"hover_content\">\r\n                <div class=\"content\">\r\n                    <div class=\"inner\">\r\n                                                                            <a href=\"https:\/\/www.aerosol.cz\/es\/productos\/espumas-de-poliuretano\/espumas-de-poliuretano-de-un-componente-para-pistola-ocf\/\" class=\"read_more\"  target=&quot;_blank&quot;  rel=&quot;nofollow&quot;>\r\n                                M\u00c1S INFORMACI\u00d3N \r\n                                <span class=\"icon-right-arrow-long\"><\/span>\r\n                            <\/a>\r\n                                            <\/div>\r\n                <\/div>\r\n            <\/div>\r\n        <\/div>\r\n\r\n    <\/div>\r\n\t\t\t\t<\/div>\n\t\t\t\t<\/div>\n\t\t\t\t\t<\/div>\n\t\t<\/div>\n\t\t\t\t<div class=\"elementor-column elementor-col-25 elementor-top-column elementor-element elementor-element-ca64eab\" data-id=\"ca64eab\" data-element_type=\"column\">\n\t\t\t<div class=\"elementor-widget-wrap\">\n\t\t\t\t\t\t\t<\/div>\n\t\t<\/div>\n\t\t\t\t\t<\/div>\n\t\t<\/section>\n\t\t\t\t<section class=\"elementor-section elementor-top-section elementor-element elementor-element-88fb135 elementor-section-boxed elementor-section-height-default elementor-section-height-default\" data-id=\"88fb135\" data-element_type=\"section\" data-settings=\"{&quot;background_background&quot;:&quot;classic&quot;}\">\n\t\t\t\t\t\t<div class=\"elementor-container elementor-column-gap-default\">\n\t\t\t\t\t<div class=\"elementor-column elementor-col-20 elementor-top-column elementor-element elementor-element-5716fd0\" data-id=\"5716fd0\" data-element_type=\"column\">\n\t\t\t<div class=\"elementor-widget-wrap\">\n\t\t\t\t\t\t\t<\/div>\n\t\t<\/div>\n\t\t\t\t<div class=\"elementor-column elementor-col-20 elementor-top-column elementor-element elementor-element-58a16d0\" data-id=\"58a16d0\" data-element_type=\"column\">\n\t\t\t<div class=\"elementor-widget-wrap elementor-element-populated\">\n\t\t\t\t\t\t<div class=\"elementor-element elementor-element-9c8a726 elementor-widget elementor-widget-creote-iconbox-v1\" data-id=\"9c8a726\" data-element_type=\"widget\" data-widget_type=\"creote-iconbox-v1.default\">\n\t\t\t\t<div class=\"elementor-widget-container\">\n\t\t\t\t\t<div class=\"icon_box_all style_five\" \r\n     \r\n        data-aos=\"fade-up\" data-aos-delay=\"0\" data-aos-offset=\"0\" \r\n    >\r\n\r\n            <div class=\"icon_content\">\r\n                            <div class=\"icon\">\r\n                    <span class=\"fa fa-angle-double-right\"><\/span>\r\n                <\/div>\r\n                                        <small>03<\/small>\r\n                        <div class=\"text_box\">\r\n                                  <h2 class=\"icontitle\">\r\n                        Espumas adhesivas\n                        <\/h2>\r\n                                            <\/div>\r\n            <div class=\"hover_content\">\r\n                <div class=\"content\">\r\n                    <div class=\"inner\">\r\n                                                                            <a href=\"https:\/\/www.aerosol.cz\/es\/productos\/espumas-de-poliuretano\/espumas-adhesivas\/\" class=\"read_more\"  target=&quot;_blank&quot;  rel=&quot;nofollow&quot;>\r\n                                M\u00c1S INFORMACI\u00d3N \r\n                                <span class=\"icon-right-arrow-long\"><\/span>\r\n                            <\/a>\r\n                                            <\/div>\r\n                <\/div>\r\n            <\/div>\r\n        <\/div>\r\n\r\n    <\/div>\r\n\t\t\t\t<\/div>\n\t\t\t\t<\/div>\n\t\t\t\t\t<\/div>\n\t\t<\/div>\n\t\t\t\t<div class=\"elementor-column elementor-col-20 elementor-top-column elementor-element elementor-element-f22c19f\" data-id=\"f22c19f\" data-element_type=\"column\">\n\t\t\t<div class=\"elementor-widget-wrap elementor-element-populated\">\n\t\t\t\t\t\t<div class=\"elementor-element elementor-element-52ad18b elementor-widget elementor-widget-creote-iconbox-v1\" data-id=\"52ad18b\" data-element_type=\"widget\" data-widget_type=\"creote-iconbox-v1.default\">\n\t\t\t\t<div class=\"elementor-widget-container\">\n\t\t\t\t\t<div class=\"icon_box_all style_five\" \r\n     \r\n        data-aos=\"fade-up\" data-aos-delay=\"0\" data-aos-offset=\"0\" \r\n    >\r\n\r\n            <div class=\"icon_content\">\r\n                            <div class=\"icon\">\r\n                    <span class=\"fa fa-angle-double-right\"><\/span>\r\n                <\/div>\r\n                                        <small>04<\/small>\r\n                        <div class=\"text_box\">\r\n                                  <h2 class=\"icontitle\">\r\n                        2-C Para montaje                        <\/h2>\r\n                                            <\/div>\r\n            <div class=\"hover_content\">\r\n                <div class=\"content\">\r\n                    <div class=\"inner\">\r\n                                                                            <a href=\"https:\/\/www.aerosol.cz\/es\/productos\/espumas-de-poliuretano\/espuma-de-poliuretano-2-c-para-montaje\/\" class=\"read_more\"  target=&quot;_blank&quot;  rel=&quot;nofollow&quot;>\r\n                                M\u00c1S INFORMACI\u00d3N \r\n                                <span class=\"icon-right-arrow-long\"><\/span>\r\n                            <\/a>\r\n                                            <\/div>\r\n                <\/div>\r\n            <\/div>\r\n        <\/div>\r\n\r\n    <\/div>\r\n\t\t\t\t<\/div>\n\t\t\t\t<\/div>\n\t\t\t\t\t<\/div>\n\t\t<\/div>\n\t\t\t\t<div class=\"elementor-column elementor-col-20 elementor-top-column elementor-element elementor-element-e10ecd2\" data-id=\"e10ecd2\" data-element_type=\"column\">\n\t\t\t<div class=\"elementor-widget-wrap elementor-element-populated\">\n\t\t\t\t\t\t<div class=\"elementor-element elementor-element-7bfd9d2 elementor-widget elementor-widget-creote-iconbox-v1\" data-id=\"7bfd9d2\" data-element_type=\"widget\" data-widget_type=\"creote-iconbox-v1.default\">\n\t\t\t\t<div class=\"elementor-widget-container\">\n\t\t\t\t\t<div class=\"icon_box_all style_five\" \r\n     \r\n        data-aos=\"fade-up\" data-aos-delay=\"0\" data-aos-offset=\"0\" \r\n    >\r\n\r\n            <div class=\"icon_content\">\r\n                            <div class=\"icon\">\r\n                    <span class=\"fa fa-angle-double-right\"><\/span>\r\n                <\/div>\r\n                                        <small>05<\/small>\r\n                        <div class=\"text_box\">\r\n                                  <h2 class=\"icontitle\">\r\n                        Limpiadores de espuma PU                        <\/h2>\r\n                                            <\/div>\r\n            <div class=\"hover_content\">\r\n                <div class=\"content\">\r\n                    <div class=\"inner\">\r\n                                                                            <a href=\"https:\/\/www.aerosol.cz\/es\/productos\/espumas-de-poliuretano\/limpiadores-de-espuma-pu\/\" class=\"read_more\"  target=&quot;_blank&quot;  rel=&quot;nofollow&quot;>\r\n                                M\u00c1S INFORMACI\u00d3N \r\n                                <span class=\"icon-right-arrow-long\"><\/span>\r\n                            <\/a>\r\n                                            <\/div>\r\n                <\/div>\r\n            <\/div>\r\n        <\/div>\r\n\r\n    <\/div>\r\n\t\t\t\t<\/div>\n\t\t\t\t<\/div>\n\t\t\t\t\t<\/div>\n\t\t<\/div>\n\t\t\t\t<div class=\"elementor-column elementor-col-20 elementor-top-column elementor-element elementor-element-3132f77\" data-id=\"3132f77\" data-element_type=\"column\">\n\t\t\t<div class=\"elementor-widget-wrap\">\n\t\t\t\t\t\t\t<\/div>\n\t\t<\/div>\n\t\t\t\t\t<\/div>\n\t\t<\/section>\n\t\t\t\t<\/div>\n\t\t","protected":false},"excerpt":{"rendered":"<p>Tipos de espumas Espumas de poliuretano Ofrecemos una amplia gama de espumas de poliuretano. Elija entre nuestra gama. 01 1-C Para montaje M\u00c1S INFORMACI\u00d3N 02 1-C Tipo pistola M\u00c1S INFORMACI\u00d3N 03 Espumas adhesivas M\u00c1S INFORMACI\u00d3N 04 2-C Para montaje M\u00c1S INFORMACI\u00d3N 05 Limpiadores de espuma PU M\u00c1S INFORMACI\u00d3N<\/p>\n","protected":false},"author":1,"featured_media":0,"parent":8864,"menu_order":0,"comment_status":"closed","ping_status":"closed","template":"template-fullwidth.php","meta":{"footnotes":""},"class_list":["post-8862","page","type-page","status-publish","hentry"],"_links":{"self":[{"href":"https:\/\/www.aerosol.cz\/es\/wp-json\/wp\/v2\/pages\/8862","targetHints":{"allow":["GET"]}}],"collection":[{"href":"https:\/\/www.aerosol.cz\/es\/wp-json\/wp\/v2\/pages"}],"about":[{"href":"https:\/\/www.aerosol.cz\/es\/wp-json\/wp\/v2\/types\/page"}],"author":[{"embeddable":true,"href":"https:\/\/www.aerosol.cz\/es\/wp-json\/wp\/v2\/users\/1"}],"replies":[{"embeddable":true,"href":"https:\/\/www.aerosol.cz\/es\/wp-json\/wp\/v2\/comments?post=8862"}],"version-history":[{"count":11,"href":"https:\/\/www.aerosol.cz\/es\/wp-json\/wp\/v2\/pages\/8862\/revisions"}],"predecessor-version":[{"id":9714,"href":"https:\/\/www.aerosol.cz\/es\/wp-json\/wp\/v2\/pages\/8862\/revisions\/9714"}],"up":[{"embeddable":true,"href":"https:\/\/www.aerosol.cz\/es\/wp-json\/wp\/v2\/pages\/8864"}],"wp:attachment":[{"href":"https:\/\/www.aerosol.cz\/es\/wp-json\/wp\/v2\/media?parent=8862"}],"curies":[{"name":"wp","href":"https:\/\/api.w.org\/{rel}","templated":true}]}}