{"id":8864,"date":"2023-04-26T13:49:41","date_gmt":"2023-04-26T13:49:41","guid":{"rendered":"https:\/\/www.aerosol.cz\/produkty\/"},"modified":"2023-05-16T14:56:14","modified_gmt":"2023-05-16T14:56:14","slug":"productos","status":"publish","type":"page","link":"https:\/\/www.aerosol.cz\/es\/productos\/","title":{"rendered":"Productos"},"content":{"rendered":"\t\t<div data-elementor-type=\"wp-page\" data-elementor-id=\"8864\" class=\"elementor elementor-8864 elementor-6837\" data-elementor-post-type=\"page\">\n\t\t\t\t\t\t<section class=\"elementor-section elementor-top-section elementor-element elementor-element-350ac6b elementor-section-boxed elementor-section-height-default elementor-section-height-default\" data-id=\"350ac6b\" data-element_type=\"section\" data-settings=\"{&quot;background_background&quot;:&quot;classic&quot;}\">\n\t\t\t\t\t\t<div class=\"elementor-container elementor-column-gap-default\">\n\t\t\t\t\t<div class=\"elementor-column elementor-col-33 elementor-top-column elementor-element elementor-element-95f9ef6\" data-id=\"95f9ef6\" data-element_type=\"column\">\n\t\t\t<div class=\"elementor-widget-wrap\">\n\t\t\t\t\t\t\t<\/div>\n\t\t<\/div>\n\t\t\t\t<div class=\"elementor-column elementor-col-33 elementor-top-column elementor-element elementor-element-2869899\" data-id=\"2869899\" data-element_type=\"column\">\n\t\t\t<div class=\"elementor-widget-wrap elementor-element-populated\">\n\t\t\t\t\t\t<div class=\"elementor-element elementor-element-956373a elementor-widget elementor-widget-spacer\" data-id=\"956373a\" data-element_type=\"widget\" data-widget_type=\"spacer.default\">\n\t\t\t\t<div class=\"elementor-widget-container\">\n\t\t\t\t\t\t\t<div class=\"elementor-spacer\">\n\t\t\t<div class=\"elementor-spacer-inner\"><\/div>\n\t\t<\/div>\n\t\t\t\t\t\t<\/div>\n\t\t\t\t<\/div>\n\t\t\t\t<div class=\"elementor-element elementor-element-25b125f elementor-widget__width-initial elementor-widget elementor-widget-creote-title-v1\" data-id=\"25b125f\" data-element_type=\"widget\" data-widget_type=\"creote-title-v1.default\">\n\t\t\t\t<div class=\"elementor-widget-container\">\n\t\t\t\t\t<div class=\"title_all_box style_three dark_color\">\r\n            <!-- Title style three -->\r\n        <div class=\"title_sections three center\">\r\n                            <div class=\"before_title\">\r\n                    Qu\u00e9 ofrecemos                <\/div>\r\n                                        <div class=\"title\">\r\n                    Nuestros productos                <\/div>\r\n                                        <p>Somos proveedores exclusivos de espumas de poliuretano, productos qu\u00edmicos para la construcci\u00f3n y aerosoles t\u00e9cnicos. Tambi\u00e9n ofrecemos llenado de l\u00edquidos a medida.<\/p>\r\n                    <\/div>\r\n        <!-- End of title style three -->\r\n\r\n    <\/div>\r\n\t\t\t\t<\/div>\n\t\t\t\t<\/div>\n\t\t\t\t\t<\/div>\n\t\t<\/div>\n\t\t\t\t<div class=\"elementor-column elementor-col-33 elementor-top-column elementor-element elementor-element-2b2b9a0\" data-id=\"2b2b9a0\" data-element_type=\"column\">\n\t\t\t<div class=\"elementor-widget-wrap\">\n\t\t\t\t\t\t\t<\/div>\n\t\t<\/div>\n\t\t\t\t\t<\/div>\n\t\t<\/section>\n\t\t\t\t<section class=\"elementor-section elementor-top-section elementor-element elementor-element-c0dbdd0 elementor-section-boxed elementor-section-height-default elementor-section-height-default\" data-id=\"c0dbdd0\" data-element_type=\"section\" data-settings=\"{&quot;background_background&quot;:&quot;classic&quot;}\">\n\t\t\t\t\t\t<div class=\"elementor-container elementor-column-gap-default\">\n\t\t\t\t\t<div class=\"elementor-column elementor-col-33 elementor-top-column elementor-element elementor-element-1037024\" data-id=\"1037024\" data-element_type=\"column\">\n\t\t\t<div class=\"elementor-widget-wrap elementor-element-populated\">\n\t\t\t\t\t\t<div class=\"elementor-element elementor-element-86bc998 elementor-widget elementor-widget-creote-image-box-v1\" data-id=\"86bc998\" data-element_type=\"widget\" data-widget_type=\"creote-image-box-v1.default\">\n\t\t\t\t<div class=\"elementor-widget-container\">\n\t\t\t\t\t<div class=\"image_boxes style_three \" >  <img decoding=\"async\" src=\"https:\/\/www.aerosol.cz\/wp-content\/uploads\/2023\/04\/Polyuretanove_peny.jpg\" class=\"background_image\" alt=\"image\" \/>  <\/div> \r\n\t\t\t\t<\/div>\n\t\t\t\t<\/div>\n\t\t\t\t<div class=\"elementor-element elementor-element-5ce0974 elementor-widget elementor-widget-creote-iconbox-v1\" data-id=\"5ce0974\" data-element_type=\"widget\" data-widget_type=\"creote-iconbox-v1.default\">\n\t\t\t\t<div class=\"elementor-widget-container\">\n\t\t\t\t\t<div class=\"icon_box_all style_three\" \r\n     \r\n        data-aos=\"fade-up\" data-aos-delay=\"0\" data-aos-offset=\"0\" \r\n    >\r\n\r\n            <div class=\"icon_content \">\r\n                            <div class=\"icon\">\r\n                    <span class=\"fa fa-angle-double-down\"><\/span>\r\n                <\/div>\r\n                        <div class=\"txt_content\">\r\n                                  <h2 class=\"icontitle\">\r\n                                              <a href=\"https:\/\/www.aerosol.cz\/es\/productos\/espumas-de-poliuretano\/\"  target=&quot;_blank&quot;  rel=&quot;nofollow&quot;>\r\n                                Espumas de poliuretano                            <\/a>\r\n                                                <\/h2>\r\n                                                    <p>\r\n                        La gama de espumas de poliuretano incluye una amplia gama de productos para diversas aplicaciones de uso profesional y aficionado, en forma de pistolas o tubos. Todos los productos de poliuretano son el resultado del desarrollo de nuestro propio laboratorio.                    <\/p>\r\n                                                    <ul>\r\n                                                    <li>\r\n                                Espumas PU de montaje 1-K                            <\/li>\r\n                                                    <li>\r\n                                Espumas PU de pistola 1-K                            <\/li>\r\n                                                    <li>\r\n                                Espumas PU adhesivas                            <\/li>\r\n                                                    <li>\r\n                                Espumas PU de montaje 2-K                            <\/li>\r\n                                                    <li>\r\n                                Limpiadores PU                            <\/li>\r\n                                            <\/ul>\r\n                                                    <div class=\"btn_left\">\r\n                        <a href=\"https:\/\/www.aerosol.cz\/es\/productos\/espumas-de-poliuretano\/\"  target=&quot;_blank&quot;  rel=&quot;nofollow&quot; class=\"theme-btn one\">\r\n                            M\u00e1s sobre las espumas PU                        <\/a>\r\n                    <\/div>\r\n                            <\/div>\r\n        <\/div>\r\n\r\n    <\/div>\r\n\t\t\t\t<\/div>\n\t\t\t\t<\/div>\n\t\t\t\t\t<\/div>\n\t\t<\/div>\n\t\t\t\t<div class=\"elementor-column elementor-col-33 elementor-top-column elementor-element elementor-element-ea68173\" data-id=\"ea68173\" data-element_type=\"column\">\n\t\t\t<div class=\"elementor-widget-wrap elementor-element-populated\">\n\t\t\t\t\t\t<div class=\"elementor-element elementor-element-e9f3ad5 elementor-widget elementor-widget-creote-image-box-v1\" data-id=\"e9f3ad5\" data-element_type=\"widget\" data-widget_type=\"creote-image-box-v1.default\">\n\t\t\t\t<div class=\"elementor-widget-container\">\n\t\t\t\t\t<div class=\"image_boxes style_three \" >  <img decoding=\"async\" src=\"https:\/\/www.aerosol.cz\/wp-content\/uploads\/2023\/04\/Aerosoly.jpg\" class=\"background_image\" alt=\"image\" \/>  <\/div> \r\n\t\t\t\t<\/div>\n\t\t\t\t<\/div>\n\t\t\t\t<div class=\"elementor-element elementor-element-c37759a elementor-widget elementor-widget-creote-iconbox-v1\" data-id=\"c37759a\" data-element_type=\"widget\" data-widget_type=\"creote-iconbox-v1.default\">\n\t\t\t\t<div class=\"elementor-widget-container\">\n\t\t\t\t\t<div class=\"icon_box_all style_three\" \r\n     \r\n        data-aos=\"fade-up\" data-aos-delay=\"0\" data-aos-offset=\"0\" \r\n    >\r\n\r\n            <div class=\"icon_content \">\r\n                            <div class=\"icon\">\r\n                    <span class=\"fa fa-angle-double-down\"><\/span>\r\n                <\/div>\r\n                        <div class=\"txt_content\">\r\n                                  <h2 class=\"icontitle\">\r\n                                              <a href=\"https:\/\/www.aerosol.cz\/es\/productos\/aerosoles\/\"  target=&quot;_blank&quot;  rel=&quot;nofollow&quot;>\r\n                                Aerosoles                            <\/a>\r\n                                                <\/h2>\r\n                                                    <p>\r\n                        La gama de aerosoles t\u00e9cnicos incluye varios tipos de limpiadores, lubricantes, impregnaciones, repelentes, cosm\u00e9ticos para el autom\u00f3vil y productos para el hogar llenados en recipientes a presi\u00f3n con la posibilidad de utilizar muchos tipos de v\u00e1lvulas y nebulizadores.\n<\/br>\n<\/br>                    <\/p>\r\n                                                    <ul>\r\n                                                    <li>\r\n                                Limpiadores                            <\/li>\r\n                                                    <li>\r\n                                Lubricantes                            <\/li>\r\n                                                    <li>\r\n                                Limpieza de coches, Limpieza de bicicletas                            <\/li>\r\n                                                    <li>\r\n                                Hogar                            <\/li>\r\n                                                    <li>\r\n                                Repelentes                            <\/li>\r\n                                            <\/ul>\r\n                                                    <div class=\"btn_left\">\r\n                        <a href=\"https:\/\/www.aerosol.cz\/es\/productos\/aerosoles\/\"  target=&quot;_blank&quot;  rel=&quot;nofollow&quot; class=\"theme-btn one\">\r\n                            M\u00e1s sobre aerosoles                        <\/a>\r\n                    <\/div>\r\n                            <\/div>\r\n        <\/div>\r\n\r\n    <\/div>\r\n\t\t\t\t<\/div>\n\t\t\t\t<\/div>\n\t\t\t\t<div class=\"elementor-element elementor-element-86f3143 elementor-widget elementor-widget-spacer\" data-id=\"86f3143\" data-element_type=\"widget\" data-widget_type=\"spacer.default\">\n\t\t\t\t<div class=\"elementor-widget-container\">\n\t\t\t\t\t\t\t<div class=\"elementor-spacer\">\n\t\t\t<div class=\"elementor-spacer-inner\"><\/div>\n\t\t<\/div>\n\t\t\t\t\t\t<\/div>\n\t\t\t\t<\/div>\n\t\t\t\t\t<\/div>\n\t\t<\/div>\n\t\t\t\t<div class=\"elementor-column elementor-col-33 elementor-top-column elementor-element elementor-element-78efb5d\" data-id=\"78efb5d\" data-element_type=\"column\">\n\t\t\t<div class=\"elementor-widget-wrap elementor-element-populated\">\n\t\t\t\t\t\t<div class=\"elementor-element elementor-element-083836e elementor-widget elementor-widget-creote-image-box-v1\" data-id=\"083836e\" data-element_type=\"widget\" data-widget_type=\"creote-image-box-v1.default\">\n\t\t\t\t<div class=\"elementor-widget-container\">\n\t\t\t\t\t<div class=\"image_boxes style_three \" >  <img decoding=\"async\" src=\"https:\/\/www.aerosol.cz\/wp-content\/uploads\/2023\/04\/Zakazkove_plneny.jpg\" class=\"background_image\" alt=\"image\" \/>  <\/div> \r\n\t\t\t\t<\/div>\n\t\t\t\t<\/div>\n\t\t\t\t<div class=\"elementor-element elementor-element-104c9c6 elementor-widget elementor-widget-creote-iconbox-v1\" data-id=\"104c9c6\" data-element_type=\"widget\" data-widget_type=\"creote-iconbox-v1.default\">\n\t\t\t\t<div class=\"elementor-widget-container\">\n\t\t\t\t\t<div class=\"icon_box_all style_three\" \r\n     \r\n        data-aos=\"fade-up\" data-aos-delay=\"0\" data-aos-offset=\"0\" \r\n    >\r\n\r\n            <div class=\"icon_content \">\r\n                            <div class=\"icon\">\r\n                    <span class=\"fa fa-angle-double-down\"><\/span>\r\n                <\/div>\r\n                        <div class=\"txt_content\">\r\n                                  <h2 class=\"icontitle\">\r\n                                              <a href=\"https:\/\/www.aerosol.cz\/es\/productos\/embotellamiento\/\"  target=&quot;_blank&quot;  rel=&quot;nofollow&quot;>\r\n                                Embotellamiento                            <\/a>\r\n                                                <\/h2>\r\n                                                    <p>\r\n                        Adem\u00e1s de una amplia gama de tipos de productos propios, ofrecemos el llenado de envases a presi\u00f3n y no presi\u00f3n de varios vol\u00famenes con sustancias l\u00edquidas suministradas por el cliente o desarrolladas en nuestro laboratorio seg\u00fan los requerimientos del cliente.\n<\/br>\n<\/br>\n<\/br>\n<\/br>\n<\/br>\n<\/br>                    <\/p>\r\n                                                    <ul>\r\n                                                    <li>\r\n                                Tipos de envases                            <\/li>\r\n                                                    <li>\r\n                                Materiales de impresi\u00f3n                            <\/li>\r\n                                            <\/ul>\r\n                                                    <div class=\"btn_left\">\r\n                        <a href=\"https:\/\/www.aerosol.cz\/es\/productos\/embotellamiento\/\"  target=&quot;_blank&quot;  rel=&quot;nofollow&quot; class=\"theme-btn one\">\r\n                            M\u00e1s sobre embotellamiento                        <\/a>\r\n                    <\/div>\r\n                            <\/div>\r\n        <\/div>\r\n\r\n    <\/div>\r\n\t\t\t\t<\/div>\n\t\t\t\t<\/div>\n\t\t\t\t\t<\/div>\n\t\t<\/div>\n\t\t\t\t\t<\/div>\n\t\t<\/section>\n\t\t\t\t<\/div>\n\t\t","protected":false},"excerpt":{"rendered":"<p>Qu\u00e9 ofrecemos Nuestros productos Somos proveedores exclusivos de espumas de poliuretano, productos qu\u00edmicos para la construcci\u00f3n y aerosoles t\u00e9cnicos. Tambi\u00e9n ofrecemos llenado de l\u00edquidos a medida. Espumas de poliuretano La gama de espumas de poliuretano incluye una amplia gama de productos para diversas aplicaciones de uso profesional y aficionado, en forma de pistolas o tubos. [&hellip;]<\/p>\n","protected":false},"author":1,"featured_media":0,"parent":0,"menu_order":0,"comment_status":"closed","ping_status":"closed","template":"template-fullwidth.php","meta":{"footnotes":""},"class_list":["post-8864","page","type-page","status-publish","hentry"],"_links":{"self":[{"href":"https:\/\/www.aerosol.cz\/es\/wp-json\/wp\/v2\/pages\/8864","targetHints":{"allow":["GET"]}}],"collection":[{"href":"https:\/\/www.aerosol.cz\/es\/wp-json\/wp\/v2\/pages"}],"about":[{"href":"https:\/\/www.aerosol.cz\/es\/wp-json\/wp\/v2\/types\/page"}],"author":[{"embeddable":true,"href":"https:\/\/www.aerosol.cz\/es\/wp-json\/wp\/v2\/users\/1"}],"replies":[{"embeddable":true,"href":"https:\/\/www.aerosol.cz\/es\/wp-json\/wp\/v2\/comments?post=8864"}],"version-history":[{"count":7,"href":"https:\/\/www.aerosol.cz\/es\/wp-json\/wp\/v2\/pages\/8864\/revisions"}],"predecessor-version":[{"id":9701,"href":"https:\/\/www.aerosol.cz\/es\/wp-json\/wp\/v2\/pages\/8864\/revisions\/9701"}],"wp:attachment":[{"href":"https:\/\/www.aerosol.cz\/es\/wp-json\/wp\/v2\/media?parent=8864"}],"curies":[{"name":"wp","href":"https:\/\/api.w.org\/{rel}","templated":true}]}}