{"id":8868,"date":"2021-10-12T13:30:48","date_gmt":"2021-10-12T13:30:48","guid":{"rendered":"https:\/\/www.aerosol.cz\/sluzby\/"},"modified":"2023-05-13T20:55:20","modified_gmt":"2023-05-13T20:55:20","slug":"servicios","status":"publish","type":"page","link":"https:\/\/www.aerosol.cz\/es\/servicios\/","title":{"rendered":"Servicios"},"content":{"rendered":"\t\t<div data-elementor-type=\"wp-page\" data-elementor-id=\"8868\" class=\"elementor elementor-8868 elementor-476\" data-elementor-post-type=\"page\">\n\t\t\t\t\t\t<section class=\"elementor-section elementor-top-section elementor-element elementor-element-e333eba elementor-section-full_width elementor-section-height-default elementor-section-height-default\" data-id=\"e333eba\" data-element_type=\"section\">\n\t\t\t\t\t\t<div class=\"elementor-container elementor-column-gap-default\">\n\t\t\t\t\t<div class=\"elementor-column elementor-col-100 elementor-top-column elementor-element elementor-element-c514db3\" data-id=\"c514db3\" data-element_type=\"column\">\n\t\t\t<div class=\"elementor-widget-wrap elementor-element-populated\">\n\t\t\t\t\t\t<div class=\"elementor-element elementor-element-831d154 elementor-widget elementor-widget-creote-shape-box-v1\" data-id=\"831d154\" data-element_type=\"widget\" data-widget_type=\"creote-shape-box-v1.default\">\n\t\t\t\t<div class=\"elementor-widget-container\">\n\t\t\t\t\t<div class=\"shape_one move_allside\">\r\n   <img decoding=\"async\" src=\"https:\/\/themepanthers.com\/wp\/creote\/v-new\/wp-content\/uploads\/2021\/10\/shape-top-left.png\"  alt=\"image\" \/>\r\n<\/div>\r\n\t\t\t\t<\/div>\n\t\t\t\t<\/div>\n\t\t\t\t<div class=\"elementor-element elementor-element-3080f8e elementor-widget elementor-widget-creote-shape-box-v1\" data-id=\"3080f8e\" data-element_type=\"widget\" data-widget_type=\"creote-shape-box-v1.default\">\n\t\t\t\t<div class=\"elementor-widget-container\">\n\t\t\t\t\t<div class=\"shape_one move_allside\">\r\n   <img decoding=\"async\" src=\"https:\/\/themepanthers.com\/wp\/creote\/v-new\/wp-content\/uploads\/2021\/10\/shape-top.png\"  alt=\"image\" \/>\r\n<\/div>\r\n\t\t\t\t<\/div>\n\t\t\t\t<\/div>\n\t\t\t\t\t<\/div>\n\t\t<\/div>\n\t\t\t\t\t<\/div>\n\t\t<\/section>\n\t\t\t\t<section class=\"elementor-section elementor-top-section elementor-element elementor-element-19cf515 elementor-section-boxed elementor-section-height-default elementor-section-height-default\" data-id=\"19cf515\" data-element_type=\"section\" data-settings=\"{&quot;background_background&quot;:&quot;classic&quot;}\">\n\t\t\t\t\t\t<div class=\"elementor-container elementor-column-gap-no\">\n\t\t\t\t\t<div class=\"elementor-column elementor-col-100 elementor-top-column elementor-element elementor-element-f27d61b\" data-id=\"f27d61b\" data-element_type=\"column\">\n\t\t\t<div class=\"elementor-widget-wrap elementor-element-populated\">\n\t\t\t\t\t\t<div class=\"elementor-element elementor-element-8d4fee5 elementor-widget elementor-widget-creote-title-v1\" data-id=\"8d4fee5\" data-element_type=\"widget\" data-widget_type=\"creote-title-v1.default\">\n\t\t\t\t<div class=\"elementor-widget-container\">\n\t\t\t\t\t<div class=\"title_all_box style_three dark_color\">\r\n            <!-- Title style three -->\r\n        <div class=\"title_sections three center\">\r\n                            <div class=\"before_title\">\r\n                    Nuestros servicios                <\/div>\r\n                                        <div class=\"title\">\r\n                    Servicios profesionales para nuestros clientes                <\/div>\r\n                                <\/div>\r\n        <!-- End of title style three -->\r\n\r\n    <\/div>\r\n\t\t\t\t<\/div>\n\t\t\t\t<\/div>\n\t\t\t\t<div class=\"elementor-element elementor-element-efa6bea elementor-widget elementor-widget-creote-service-v1-new\" data-id=\"efa6bea\" data-element_type=\"widget\" data-widget_type=\"creote-service-v1-new.default\">\n\t\t\t\t<div class=\"elementor-widget-container\">\n\t\t\t\t\t<section class=\"service_all_styles \"> <div class=\"row\">    <div class=\"col-xl-3 col-md-4 col-sm-6 col-xs-12\"> <article id=\"post-9382\" class=\"post-9382 service type-service status-publish has-post-thumbnail hentry service_category-es\">  <div class=\"service_box type_two clearfix\"> <div class=\"content_heaing\"> <h2 class=\"entry-title\"><a href=\"https:\/\/www.aerosol.cz\/es\/service\/es-pruebas\/\" rel=\"bookmark\">Pruebas<\/a><\/h2>  <p>Pruebas de productos qu\u00edmicos, mezclas y otras muestras seg\u00fan el alcance en nuestras instalaciones.<\/p>\n   <\/div>  <div class=\"image_box\"> <img fetchpriority=\"high\" decoding=\"async\" width=\"500\" height=\"500\" src=\"https:\/\/www.aerosol.cz\/wp-content\/uploads\/2023\/05\/Aerosol_Testovani.jpg\" class=\"attachment-post-thumbnail size-post-thumbnail wp-post-image\" alt=\"\" srcset=\"https:\/\/www.aerosol.cz\/wp-content\/uploads\/2023\/05\/Aerosol_Testovani.jpg 500w, https:\/\/www.aerosol.cz\/wp-content\/uploads\/2023\/05\/Aerosol_Testovani-300x300.jpg 300w, https:\/\/www.aerosol.cz\/wp-content\/uploads\/2023\/05\/Aerosol_Testovani-150x150.jpg 150w\" sizes=\"(max-width: 500px) 100vw, 500px\" \/> <\/div>   <div class=\"btn_box\"> <a href=\"https:\/\/www.aerosol.cz\/es\/service\/es-pruebas\/\" class=\"read_more type_two\"><span class=\"icon-arrow-right\"><\/span>Seguir leyendo<\/a> <\/div>  <\/div>  <\/article> <\/div>   <div class=\"col-xl-3 col-md-4 col-sm-6 col-xs-12\"> <article id=\"post-9388\" class=\"post-9388 service type-service status-publish has-post-thumbnail hentry service_category-es\">  <div class=\"service_box type_two clearfix\"> <div class=\"content_heaing\"> <h2 class=\"entry-title\"><a href=\"https:\/\/www.aerosol.cz\/es\/service\/es-formacion\/\" rel=\"bookmark\">Formaci\u00f3n<\/a><\/h2>  <p>Brindamos soporte t\u00e9cnico a nuestros clientes en forma de capacitaciones y talleres a la medida de sus necesidades.<\/p>\n   <\/div>  <div class=\"image_box\"> <img decoding=\"async\" width=\"500\" height=\"500\" src=\"https:\/\/www.aerosol.cz\/wp-content\/uploads\/2021\/10\/Skoleni_Aerosol_service.jpg\" class=\"attachment-post-thumbnail size-post-thumbnail wp-post-image\" alt=\"\" srcset=\"https:\/\/www.aerosol.cz\/wp-content\/uploads\/2021\/10\/Skoleni_Aerosol_service.jpg 500w, https:\/\/www.aerosol.cz\/wp-content\/uploads\/2021\/10\/Skoleni_Aerosol_service-300x300.jpg 300w, https:\/\/www.aerosol.cz\/wp-content\/uploads\/2021\/10\/Skoleni_Aerosol_service-150x150.jpg 150w\" sizes=\"(max-width: 500px) 100vw, 500px\" \/> <\/div>   <div class=\"btn_box\"> <a href=\"https:\/\/www.aerosol.cz\/es\/service\/es-formacion\/\" class=\"read_more type_two\"><span class=\"icon-arrow-right\"><\/span>Seguir leyendo<\/a> <\/div>  <\/div>  <\/article> <\/div>   <div class=\"col-xl-3 col-md-4 col-sm-6 col-xs-12\"> <article id=\"post-9394\" class=\"post-9394 service type-service status-publish has-post-thumbnail hentry service_category-es\">  <div class=\"service_box type_two clearfix\"> <div class=\"content_heaing\"> <h2 class=\"entry-title\"><a href=\"https:\/\/www.aerosol.cz\/es\/service\/es-consultoria\/\" rel=\"bookmark\">Consultor\u00eda<\/a><\/h2>  <p>Ofrecemos asesor\u00eda en normativas t\u00e9cnicas y legales enfocadas a la industria qu\u00edmica.<\/p>\n   <\/div>  <div class=\"image_box\"> <img decoding=\"async\" width=\"500\" height=\"500\" src=\"https:\/\/www.aerosol.cz\/wp-content\/uploads\/2021\/10\/Poradenstvi_Aerosol.jpg\" class=\"attachment-post-thumbnail size-post-thumbnail wp-post-image\" alt=\"\" srcset=\"https:\/\/www.aerosol.cz\/wp-content\/uploads\/2021\/10\/Poradenstvi_Aerosol.jpg 500w, https:\/\/www.aerosol.cz\/wp-content\/uploads\/2021\/10\/Poradenstvi_Aerosol-300x300.jpg 300w, https:\/\/www.aerosol.cz\/wp-content\/uploads\/2021\/10\/Poradenstvi_Aerosol-150x150.jpg 150w\" sizes=\"(max-width: 500px) 100vw, 500px\" \/> <\/div>   <div class=\"btn_box\"> <a href=\"https:\/\/www.aerosol.cz\/es\/service\/es-consultoria\/\" class=\"read_more type_two\"><span class=\"icon-arrow-right\"><\/span>Seguir leyendo<\/a> <\/div>  <\/div>  <\/article> <\/div>   <div class=\"col-xl-3 col-md-4 col-sm-6 col-xs-12\"> <article id=\"post-9399\" class=\"post-9399 service type-service status-publish has-post-thumbnail hentry service_category-es\">  <div class=\"service_box type_two clearfix\"> <div class=\"content_heaing\"> <h2 class=\"entry-title\"><a href=\"https:\/\/www.aerosol.cz\/es\/service\/es-logistica\/\" rel=\"bookmark\">Log\u00edstica<\/a><\/h2>  <p>Podemos garantizar el transporte de mercanc\u00edas a nuestros clientes no solo en Europa, sino tambi\u00e9n en todo el mundo.<\/p>\n   <\/div>  <div class=\"image_box\"> <img loading=\"lazy\" decoding=\"async\" width=\"500\" height=\"500\" src=\"https:\/\/www.aerosol.cz\/wp-content\/uploads\/2021\/10\/Logistika_Aerosol_service.jpg\" class=\"attachment-post-thumbnail size-post-thumbnail wp-post-image\" alt=\"\" srcset=\"https:\/\/www.aerosol.cz\/wp-content\/uploads\/2021\/10\/Logistika_Aerosol_service.jpg 500w, https:\/\/www.aerosol.cz\/wp-content\/uploads\/2021\/10\/Logistika_Aerosol_service-300x300.jpg 300w, https:\/\/www.aerosol.cz\/wp-content\/uploads\/2021\/10\/Logistika_Aerosol_service-150x150.jpg 150w\" sizes=\"(max-width: 500px) 100vw, 500px\" \/> <\/div>   <div class=\"btn_box\"> <a href=\"https:\/\/www.aerosol.cz\/es\/service\/es-logistica\/\" class=\"read_more type_two\"><span class=\"icon-arrow-right\"><\/span>Seguir leyendo<\/a> <\/div>  <\/div>  <\/article> <\/div>   <\/div>  <\/section> \t\t\t\t<\/div>\n\t\t\t\t<\/div>\n\t\t\t\t\t<\/div>\n\t\t<\/div>\n\t\t\t\t\t<\/div>\n\t\t<\/section>\n\t\t\t\t<\/div>\n\t\t","protected":false},"excerpt":{"rendered":"<p>Nuestros servicios Servicios profesionales para nuestros clientes Pruebas Pruebas de productos qu\u00edmicos, mezclas y otras muestras seg\u00fan el alcance en nuestras instalaciones. Seguir leyendo Formaci\u00f3n Brindamos soporte t\u00e9cnico a nuestros clientes en forma de capacitaciones y talleres a la medida de sus necesidades. Seguir leyendo Consultor\u00eda Ofrecemos asesor\u00eda en normativas t\u00e9cnicas y legales enfocadas a [&hellip;]<\/p>\n","protected":false},"author":1,"featured_media":0,"parent":0,"menu_order":0,"comment_status":"closed","ping_status":"closed","template":"template-fullwidth.php","meta":{"footnotes":""},"class_list":["post-8868","page","type-page","status-publish","hentry"],"_links":{"self":[{"href":"https:\/\/www.aerosol.cz\/es\/wp-json\/wp\/v2\/pages\/8868","targetHints":{"allow":["GET"]}}],"collection":[{"href":"https:\/\/www.aerosol.cz\/es\/wp-json\/wp\/v2\/pages"}],"about":[{"href":"https:\/\/www.aerosol.cz\/es\/wp-json\/wp\/v2\/types\/page"}],"author":[{"embeddable":true,"href":"https:\/\/www.aerosol.cz\/es\/wp-json\/wp\/v2\/users\/1"}],"replies":[{"embeddable":true,"href":"https:\/\/www.aerosol.cz\/es\/wp-json\/wp\/v2\/comments?post=8868"}],"version-history":[{"count":8,"href":"https:\/\/www.aerosol.cz\/es\/wp-json\/wp\/v2\/pages\/8868\/revisions"}],"predecessor-version":[{"id":9429,"href":"https:\/\/www.aerosol.cz\/es\/wp-json\/wp\/v2\/pages\/8868\/revisions\/9429"}],"wp:attachment":[{"href":"https:\/\/www.aerosol.cz\/es\/wp-json\/wp\/v2\/media?parent=8868"}],"curies":[{"name":"wp","href":"https:\/\/api.w.org\/{rel}","templated":true}]}}